{"id":22962,"date":"2023-01-23T11:18:40","date_gmt":"2023-01-23T10:18:40","guid":{"rendered":"https:\/\/okdesign.biz\/product\/sedia-acapulco-inox\/"},"modified":"2023-01-23T11:18:40","modified_gmt":"2023-01-23T10:18:40","slug":"sedia-in-acciaio-inox-acapulco","status":"publish","type":"product","link":"https:\/\/okdesign.biz\/it\/product\/sedia-in-acciaio-inox-acapulco\/","title":{"rendered":"Sedia Acapulco &#8211; Inox"},"content":{"rendered":"<p>\u00a0<\/p>\n<figure id=\"attachment_5630\" aria-describedby=\"caption-attachment-5630\" style=\"width: 300px\" class=\"wp-caption alignnone\"><img loading=\"lazy\" decoding=\"async\" class=\"wp-image-5630\" src=\"https:\/\/okdesign.biz\/wp-content\/uploads\/2021\/06\/Jacob-and-Kirsten-1-1.jpg\" alt=\"\" width=\"300\" height=\"300\"><figcaption id=\"caption-attachment-5630\" class=\"wp-caption-text\">Progettisti: Kirsten Krogh e Jacob Fasting<\/figcaption><\/figure>\n","protected":false},"excerpt":{"rendered":"<p>La Original Acapulco Chair\u00ae con struttura in acciaio inossidabile \u00e8 una variante molto resistente della <a href=\"https:\/\/okdesign.biz\/product\/acapulco-chair\/\">Original Acapulco Chair<\/a>. Il telaio in acciaio inox di alta qualit\u00e0 non pu\u00f2 arrugginire ed \u00e8 altamente resistente all&#8217;uso esterno. Scegliete tra i colori di corda disponibili e noi prepareremo la vostra sedia su misura.<\/p>\n<p>L&#8217;Original Acapulco Chair\u00ae \u00e8 realizzata con un&#8217;eccellente corda in PVC con filtro UV, priva di ftalati e metalli pesanti. Il cavo \u00e8 flessibile e consente un eccellente comfort di seduta. La posizione di seduta \u00e8 rilassata e rilassante e la forma ovale consente di sostenere il collo. Pu\u00f2 essere abbinato ai <a href=\"https:\/\/okdesign.biz\/product\/acapulco-and-condesa-cushion\/\">cuscini Acapulco e Condesa<\/a> per un maggiore comfort di seduta. La sedia \u00e8 dotata di <a title=\"Piedini in gomma e feltrini\" href=\"https:\/\/okdesign.biz\/product\/rubber-glides-and-felt-pads\/\">feltrini protettivi<\/a> per l&#8217;uso interno e di pattini in gomma per l&#8217;uso esterno.<\/p>\n<p>Prodotto nell&#8217;UE in condizioni di equit\u00e0.<\/p>\n<p>I tempi di consegna della sedia su misura sono di 20-30 giorni.<\/p>\n","protected":false},"featured_media":18832,"template":"","meta":{"om_disable_all_campaigns":false},"product_brand":[],"product_cat":[331,416,439,419,290],"product_tag":[423],"class_list":{"0":"post-22962","1":"product","2":"type-product","3":"status-publish","4":"has-post-thumbnail","6":"product_cat-i-must-have","7":"product_cat-sedie","8":"product_cat-sedie-da-salotto","9":"product_cat-serie-acapulco-it","10":"product_cat-tutti-i-prodotti","11":"product_tag-serie-di-archi","12":"product_shipping_class-sedia-acapulco-e-condesa","14":"first","15":"instock","16":"taxable","17":"shipping-taxable","18":"purchasable","19":"product-type-variable"},"aioseo_notices":[],"_links":{"self":[{"href":"https:\/\/okdesign.biz\/it\/wp-json\/wp\/v2\/product\/22962","targetHints":{"allow":["GET"]}}],"collection":[{"href":"https:\/\/okdesign.biz\/it\/wp-json\/wp\/v2\/product"}],"about":[{"href":"https:\/\/okdesign.biz\/it\/wp-json\/wp\/v2\/types\/product"}],"wp:featuredmedia":[{"embeddable":true,"href":"https:\/\/okdesign.biz\/it\/wp-json\/wp\/v2\/media\/18832"}],"wp:attachment":[{"href":"https:\/\/okdesign.biz\/it\/wp-json\/wp\/v2\/media?parent=22962"}],"wp:term":[{"taxonomy":"product_brand","embeddable":true,"href":"https:\/\/okdesign.biz\/it\/wp-json\/wp\/v2\/product_brand?post=22962"},{"taxonomy":"product_cat","embeddable":true,"href":"https:\/\/okdesign.biz\/it\/wp-json\/wp\/v2\/product_cat?post=22962"},{"taxonomy":"product_tag","embeddable":true,"href":"https:\/\/okdesign.biz\/it\/wp-json\/wp\/v2\/product_tag?post=22962"}],"curies":[{"name":"wp","href":"https:\/\/api.w.org\/{rel}","templated":true}]}}