{"id":22162,"date":"2021-04-20T19:49:05","date_gmt":"2021-04-20T17:49:05","guid":{"rendered":"https:\/\/okdesign.biz\/product\/scaffale-per-cappelli-pina\/"},"modified":"2025-03-26T17:02:49","modified_gmt":"2025-03-26T16:02:49","slug":"scaffale-per-cappelli-di-pina","status":"publish","type":"product","link":"https:\/\/okdesign.biz\/it\/product\/scaffale-per-cappelli-di-pina\/","title":{"rendered":"Scaffale per cappelli Pina"},"content":{"rendered":"<p>\u00a0<\/p>\n<figure id=\"attachment_5631\" aria-describedby=\"caption-attachment-5631\" style=\"width: 300px\" class=\"wp-caption alignnone\"><img loading=\"lazy\" decoding=\"async\" class=\"wp-image-5631 size-medium\" src=\"https:\/\/okdesign.biz\/wp-content\/uploads\/2021\/06\/protoshop_Anni_pitkajarvi-1-300x300.png\" alt=\"\" width=\"300\" height=\"300\" srcset=\"https:\/\/okdesign.biz\/wp-content\/uploads\/2021\/06\/protoshop_Anni_pitkajarvi-1-300x300.png 300w, https:\/\/okdesign.biz\/wp-content\/uploads\/2021\/06\/protoshop_Anni_pitkajarvi-1-150x150.png 150w, https:\/\/okdesign.biz\/wp-content\/uploads\/2021\/06\/protoshop_Anni_pitkajarvi-1-768x768.png 768w, https:\/\/okdesign.biz\/wp-content\/uploads\/2021\/06\/protoshop_Anni_pitkajarvi-1-600x600.png 600w, https:\/\/okdesign.biz\/wp-content\/uploads\/2021\/06\/protoshop_Anni_pitkajarvi-1-900x900.png 900w, https:\/\/okdesign.biz\/wp-content\/uploads\/2021\/06\/protoshop_Anni_pitkajarvi-1-100x100.png 100w, https:\/\/okdesign.biz\/wp-content\/uploads\/2021\/06\/protoshop_Anni_pitkajarvi-1.png 1000w\" sizes=\"auto, (max-width: 300px) 100vw, 300px\" \/><figcaption id=\"caption-attachment-5631\" class=\"wp-caption-text\">Anni Pitk\u00e4j\u00e4rvi, Finlandia<\/figcaption><\/figure>\n","protected":false},"excerpt":{"rendered":"<style type=\"text\/css\">form.cart {display:none;}<\/style>\n<p><a class=\"btn btn-primary\" href=\"https:\/\/www.dyh.com\/products\/pinna-hat-shelf\">Acquista su DYH.com<\/a><\/p>\n<p>La mensola per cappelli Pinna \u00e8 un accessorio elegante e funzionale per ogni casa. Progettato dalla designer finlandese Anni Pitk\u00e4j\u00e4rvi, questo scaffale per cappelli e appendiabiti presenta un design semplice ma potente, molto decorativo per il corridoio e l&#8217;ingresso. Lo scaffale \u00e8 realizzato in metallo verniciato a polvere ed \u00e8 dotato di un ripiano e di 5 ganci per riporre cappelli, cappotti e altri accessori.<\/p>\n<p>Pinna riprende la tradizione di OK Design per le forme e le silhouette. Il suo design elegante e minimalista lo rende adatto a qualsiasi interno moderno. Questo scaffale \u00e8 perfetto per i piccoli spazi e pu\u00f2 essere facilmente montato a parete.<\/p>\n<p>Prodotto nell&#8217;UE in condizioni di equit\u00e0.<\/p>\n","protected":false},"featured_media":20880,"template":"","meta":{"om_disable_all_campaigns":false},"product_brand":[],"product_cat":[432,290],"product_tag":[333],"class_list":{"0":"post-22162","1":"product","2":"type-product","3":"status-publish","4":"has-post-thumbnail","6":"product_cat-accessori","7":"product_cat-tutti-i-prodotti","8":"product_tag-organizzazione","10":"first","11":"instock","12":"taxable","13":"shipping-taxable","14":"purchasable","15":"product-type-variable"},"aioseo_notices":[],"_links":{"self":[{"href":"https:\/\/okdesign.biz\/it\/wp-json\/wp\/v2\/product\/22162","targetHints":{"allow":["GET"]}}],"collection":[{"href":"https:\/\/okdesign.biz\/it\/wp-json\/wp\/v2\/product"}],"about":[{"href":"https:\/\/okdesign.biz\/it\/wp-json\/wp\/v2\/types\/product"}],"wp:featuredmedia":[{"embeddable":true,"href":"https:\/\/okdesign.biz\/it\/wp-json\/wp\/v2\/media\/20880"}],"wp:attachment":[{"href":"https:\/\/okdesign.biz\/it\/wp-json\/wp\/v2\/media?parent=22162"}],"wp:term":[{"taxonomy":"product_brand","embeddable":true,"href":"https:\/\/okdesign.biz\/it\/wp-json\/wp\/v2\/product_brand?post=22162"},{"taxonomy":"product_cat","embeddable":true,"href":"https:\/\/okdesign.biz\/it\/wp-json\/wp\/v2\/product_cat?post=22162"},{"taxonomy":"product_tag","embeddable":true,"href":"https:\/\/okdesign.biz\/it\/wp-json\/wp\/v2\/product_tag?post=22162"}],"curies":[{"name":"wp","href":"https:\/\/api.w.org\/{rel}","templated":true}]}}