{"id":22930,"date":"2023-01-23T10:46:52","date_gmt":"2023-01-23T09:46:52","guid":{"rendered":"https:\/\/okdesign.biz\/product\/chaise-acapulco-cadre-blanc\/"},"modified":"2025-03-26T16:31:43","modified_gmt":"2025-03-26T15:31:43","slug":"chaise-blanche-acapulco","status":"publish","type":"product","link":"https:\/\/okdesign.biz\/fr\/product\/chaise-blanche-acapulco\/","title":{"rendered":"Chaise Acapulco &#8211; Cadre blanc"},"content":{"rendered":"<p>\u00a0<\/p>\n<figure id=\"attachment_5630\" aria-describedby=\"caption-attachment-5630\" style=\"width: 300px\" class=\"wp-caption alignnone\"><img loading=\"lazy\" decoding=\"async\" class=\"wp-image-5630\" src=\"https:\/\/okdesign.biz\/wp-content\/uploads\/2021\/06\/Jacob-and-Kirsten-1-1.jpg\" alt=\"\" width=\"300\" height=\"300\"><figcaption id=\"caption-attachment-5630\" class=\"wp-caption-text\">Designers : Kirsten Krogh & Jacob Fasting<\/figcaption><\/figure>\n","protected":false},"excerpt":{"rendered":"<style type=\"text\/css\">form.cart {display:none;}<\/style>\n<p><a href=\"https:\/\/www.dyh.com\/products\/acapulco-chair-white-frame\" class=\"btn btn-primary\">Acheter sur DYH.com<\/a><\/p>\n<p>L&#8217;Original Acapulco Chair\u00ae est fabriqu\u00e9e avec un cadre blanc enduit de poudre et est disponible dans les 13 variations de couleurs de cordons en PVC au choix. Cette variation particuli\u00e8re se distingue par son cadre blanc, qui offre une toile de fond propre et neutre, permettant aux teintes vibrantes du cordon de se d\u00e9tacher et de s&#8217;affirmer.<\/p>\n<p>Fabriqu\u00e9e avec une structure enduite de poudre blanche, la chaise Acapulco pr\u00e9sente une esth\u00e9tique moderne et minimaliste qui s&#8217;int\u00e8gre sans effort dans n&#8217;importe quel d\u00e9cor, de la salle \u00e0 manger ou du salon au jardin ou \u00e0 la chambre \u00e0 coucher. Le cordon en PVC filtr\u00e9 aux UV est flexible et permet un excellent confort d&#8217;assise. La position assise est d\u00e9contract\u00e9e et confortable et la forme ovale permet de soutenir la nuque. Il peut \u00eatre combin\u00e9 avec les <a href=\"https:\/\/okdesign.biz\/product\/acapulco-and-condesa-cushion\/\">coussins Acapulco et Condesa<\/a> pour un confort d&#8217;assise suppl\u00e9mentaire. La chaise est livr\u00e9e avec des patins de <a href=\"https:\/\/okdesign.biz\/product\/rubber-glides-and-felt-pads\/\">protection en feutre<\/a> pour l&#8217;int\u00e9rieur et des patins en caoutchouc pour l&#8217;ext\u00e9rieur. Convient \u00e0 une utilisation int\u00e9rieure et ext\u00e9rieure.<br \/>\nFabriqu\u00e9 dans l&#8217;UE dans des conditions acceptables.<\/p>\n","protected":false},"featured_media":18795,"template":"","meta":{"om_disable_all_campaigns":false},"product_brand":[],"product_cat":[315,316,299,317,293],"product_tag":[319],"class_list":{"0":"post-22930","1":"product","2":"type-product","3":"status-publish","4":"has-post-thumbnail","6":"product_cat-chaises","7":"product_cat-chaises-longues","8":"product_cat-les-incontournables","9":"product_cat-serie-acapulco","10":"product_cat-tous-les-produits","11":"product_tag-serie-de-cordes","12":"product_shipping_class-chaise-acapulco-et-condesa","14":"first","15":"instock","16":"taxable","17":"shipping-taxable","18":"purchasable","19":"product-type-variable"},"aioseo_notices":[],"_links":{"self":[{"href":"https:\/\/okdesign.biz\/fr\/wp-json\/wp\/v2\/product\/22930","targetHints":{"allow":["GET"]}}],"collection":[{"href":"https:\/\/okdesign.biz\/fr\/wp-json\/wp\/v2\/product"}],"about":[{"href":"https:\/\/okdesign.biz\/fr\/wp-json\/wp\/v2\/types\/product"}],"wp:featuredmedia":[{"embeddable":true,"href":"https:\/\/okdesign.biz\/fr\/wp-json\/wp\/v2\/media\/18795"}],"wp:attachment":[{"href":"https:\/\/okdesign.biz\/fr\/wp-json\/wp\/v2\/media?parent=22930"}],"wp:term":[{"taxonomy":"product_brand","embeddable":true,"href":"https:\/\/okdesign.biz\/fr\/wp-json\/wp\/v2\/product_brand?post=22930"},{"taxonomy":"product_cat","embeddable":true,"href":"https:\/\/okdesign.biz\/fr\/wp-json\/wp\/v2\/product_cat?post=22930"},{"taxonomy":"product_tag","embeddable":true,"href":"https:\/\/okdesign.biz\/fr\/wp-json\/wp\/v2\/product_tag?post=22930"}],"curies":[{"name":"wp","href":"https:\/\/api.w.org\/{rel}","templated":true}]}}