{"id":22726,"date":"2021-05-26T07:46:26","date_gmt":"2021-05-26T05:46:26","guid":{"rendered":"https:\/\/okdesign.biz\/product\/banc-willow\/"},"modified":"2025-03-26T16:58:23","modified_gmt":"2025-03-26T15:58:23","slug":"banc-de-saule","status":"publish","type":"product","link":"https:\/\/okdesign.biz\/fr\/product\/banc-de-saule\/","title":{"rendered":"Banc Willow"},"content":{"rendered":"<p>\u00a0<\/p>\n<figure id=\"attachment_5630\" aria-describedby=\"caption-attachment-5630\" style=\"width: 300px\" class=\"wp-caption alignnone\"><img loading=\"lazy\" decoding=\"async\" class=\"wp-image-5630\" src=\"https:\/\/okdesign.biz\/wp-content\/uploads\/2021\/06\/Jacob-and-Kirsten-1-1.jpg\" alt=\"\" width=\"300\" height=\"300\"><figcaption id=\"caption-attachment-5630\" class=\"wp-caption-text\">Designers : Kirsten Krogh & Jacob Fasting<\/figcaption><\/figure>\n","protected":false},"excerpt":{"rendered":"<style type=\"text\/css\">form.cart {display:none;}<\/style>\n<p><a class=\"btn btn-primary\" href=\"https:\/\/www.dyh.com\/products\/willow-bench\">Acheter sur DYH.com<\/a><\/p>\n<p>Ce banc en osier se caract\u00e9rise par l&#8217;association subtile d&#8217;une structure m\u00e9tallique, d&#8217;un couvercle plaqu\u00e9 fr\u00eane et d&#8217;un panier en saule naturel. Le couvercle s&#8217;ouvre comme un panier de pique-nique et le panier sert d&#8217;espace de rangement.<br \/>\nLe panier en saule est fabriqu\u00e9 dans les r\u00e9gions du sud-est de la Pologne o\u00f9 l&#8217;artisanat de l&#8217;osier est encore pratiqu\u00e9 et o\u00f9 les conditions de culture du saule sont id\u00e9ales. Le couvercle en placage de fr\u00eane naturel est fabriqu\u00e9 au Danemark. Le cadre m\u00e9tallique est disponible en noir ou en blanc.<\/p>\n<p>Traditionnellement, les bancs de rangement \u00e9taient utilis\u00e9s dans la cuisine, la salle \u00e0 manger ou le salon. Mais cette \u00e9dition est \u00e9galement id\u00e9ale pour la chambre \u00e0 coucher, le couloir ou m\u00eame comme table basse.<\/p>\n<p>Tous nos produits sont fabriqu\u00e9s dans l&#8217;UE<\/p>\n","protected":false},"featured_media":20211,"template":"","meta":{"om_disable_all_campaigns":false},"product_brand":[],"product_cat":[299,293],"product_tag":[303],"class_list":{"0":"post-22726","1":"product","2":"type-product","3":"status-publish","4":"has-post-thumbnail","6":"product_cat-les-incontournables","7":"product_cat-tous-les-produits","8":"product_tag-organiser","10":"first","11":"instock","12":"taxable","13":"shipping-taxable","14":"purchasable","15":"product-type-variable"},"aioseo_notices":[],"_links":{"self":[{"href":"https:\/\/okdesign.biz\/fr\/wp-json\/wp\/v2\/product\/22726","targetHints":{"allow":["GET"]}}],"collection":[{"href":"https:\/\/okdesign.biz\/fr\/wp-json\/wp\/v2\/product"}],"about":[{"href":"https:\/\/okdesign.biz\/fr\/wp-json\/wp\/v2\/types\/product"}],"wp:featuredmedia":[{"embeddable":true,"href":"https:\/\/okdesign.biz\/fr\/wp-json\/wp\/v2\/media\/20211"}],"wp:attachment":[{"href":"https:\/\/okdesign.biz\/fr\/wp-json\/wp\/v2\/media?parent=22726"}],"wp:term":[{"taxonomy":"product_brand","embeddable":true,"href":"https:\/\/okdesign.biz\/fr\/wp-json\/wp\/v2\/product_brand?post=22726"},{"taxonomy":"product_cat","embeddable":true,"href":"https:\/\/okdesign.biz\/fr\/wp-json\/wp\/v2\/product_cat?post=22726"},{"taxonomy":"product_tag","embeddable":true,"href":"https:\/\/okdesign.biz\/fr\/wp-json\/wp\/v2\/product_tag?post=22726"}],"curies":[{"name":"wp","href":"https:\/\/api.w.org\/{rel}","templated":true}]}}