{"id":22605,"date":"2021-04-22T20:45:59","date_gmt":"2021-04-22T18:45:59","guid":{"rendered":"https:\/\/okdesign.biz\/product\/coussin-chango\/"},"modified":"2025-03-26T17:01:39","modified_gmt":"2025-03-26T16:01:39","slug":"chango-coussin","status":"publish","type":"product","link":"https:\/\/okdesign.biz\/fr\/product\/chango-coussin\/","title":{"rendered":"Coussin Chango"},"content":{"rendered":"<p>\u00a0<\/p>\n<figure id=\"attachment_5630\" aria-describedby=\"caption-attachment-5630\" style=\"width: 300px\" class=\"wp-caption alignnone\"><img loading=\"lazy\" decoding=\"async\" class=\"wp-image-5630\" src=\"https:\/\/okdesign.biz\/wp-content\/uploads\/2021\/06\/Jacob-and-Kirsten-1-1.jpg\" alt=\"\" width=\"300\" height=\"300\"><figcaption id=\"caption-attachment-5630\" class=\"wp-caption-text\">Designers : Kirsten Krogh & Jacob Fasting<\/figcaption><\/figure>\n","protected":false},"excerpt":{"rendered":"<style type=\"text\/css\">form.cart {display:none;}<\/style>\n<p><a class=\"btn btn-primary\" href=\"https:\/\/www.dyh.com\/products\/chango-cushion\">Acheter sur DYH.com<\/a><\/p>\n<p>Le coussin Chango est un compl\u00e9ment ludique et douillet \u00e0 votre d\u00e9coration int\u00e9rieure. Fabriqu\u00e9 \u00e0 partir de tubes \u00e9pais en tricot de haute qualit\u00e9, ce coussin est con\u00e7u pour offrir \u00e0 la fois confort et style. Avec sa texture unique et son aspect ludique, le coussin Chango ne manquera pas de faire sensation dans n&#8217;importe quel espace de vie.<\/p>\n<p>Qu&#8217;il soit plac\u00e9 sur un canap\u00e9 ou une chaise longue, le coussin Chango est tr\u00e8s d\u00e9coratif et apporte une touche de charme \u00e0 la pi\u00e8ce. Les tubes tricot\u00e9s sont fabriqu\u00e9s \u00e0 partir d&#8217;un m\u00e9lange durable de nylon, d&#8217;acrylique et de laine, ce qui garantit la long\u00e9vit\u00e9 du coussin. De plus, le coussin est rempli de polyester doux, ce qui en fait l&#8217;accessoire parfait pour se pr\u00e9lasser et se d\u00e9tendre.<\/p>\n<p>Fabriqu\u00e9 dans l&#8217;UE dans des conditions \u00e9quitables.<\/p>\n","protected":false},"featured_media":20679,"template":"","meta":{"om_disable_all_campaigns":false},"product_brand":[],"product_cat":[399,293],"product_tag":[401],"class_list":{"0":"post-22605","1":"product","2":"type-product","3":"status-publish","4":"has-post-thumbnail","6":"product_cat-accessoires","7":"product_cat-tous-les-produits","8":"product_tag-textile-fr","10":"first","11":"instock","12":"taxable","13":"shipping-taxable","14":"purchasable","15":"product-type-variable"},"aioseo_notices":[],"_links":{"self":[{"href":"https:\/\/okdesign.biz\/fr\/wp-json\/wp\/v2\/product\/22605","targetHints":{"allow":["GET"]}}],"collection":[{"href":"https:\/\/okdesign.biz\/fr\/wp-json\/wp\/v2\/product"}],"about":[{"href":"https:\/\/okdesign.biz\/fr\/wp-json\/wp\/v2\/types\/product"}],"wp:featuredmedia":[{"embeddable":true,"href":"https:\/\/okdesign.biz\/fr\/wp-json\/wp\/v2\/media\/20679"}],"wp:attachment":[{"href":"https:\/\/okdesign.biz\/fr\/wp-json\/wp\/v2\/media?parent=22605"}],"wp:term":[{"taxonomy":"product_brand","embeddable":true,"href":"https:\/\/okdesign.biz\/fr\/wp-json\/wp\/v2\/product_brand?post=22605"},{"taxonomy":"product_cat","embeddable":true,"href":"https:\/\/okdesign.biz\/fr\/wp-json\/wp\/v2\/product_cat?post=22605"},{"taxonomy":"product_tag","embeddable":true,"href":"https:\/\/okdesign.biz\/fr\/wp-json\/wp\/v2\/product_tag?post=22605"}],"curies":[{"name":"wp","href":"https:\/\/api.w.org\/{rel}","templated":true}]}}