{"id":22349,"date":"2021-04-20T20:31:50","date_gmt":"2021-04-20T18:31:50","guid":{"rendered":"https:\/\/okdesign.biz\/product\/tableau-des-points\/"},"modified":"2025-03-26T16:41:40","modified_gmt":"2025-03-26T15:41:40","slug":"tableau-de-points","status":"publish","type":"product","link":"https:\/\/okdesign.biz\/fr\/product\/tableau-de-points\/","title":{"rendered":"Tableau en point"},"content":{"rendered":"<p>\u00a0<\/p>\n<figure id=\"attachment_5634\" aria-describedby=\"caption-attachment-5634\" style=\"width: 300px\" class=\"wp-caption alignnone\"><img loading=\"lazy\" decoding=\"async\" class=\"wp-image-5634 size-medium\" src=\"https:\/\/okdesign.biz\/wp-content\/uploads\/2021\/06\/ELINAULVIO-1-300x300.jpg\" alt=\"\" width=\"300\" height=\"300\" srcset=\"https:\/\/okdesign.biz\/wp-content\/uploads\/2021\/06\/ELINAULVIO-1-300x300.jpg 300w, https:\/\/okdesign.biz\/wp-content\/uploads\/2021\/06\/ELINAULVIO-1-1024x1024.jpg 1024w, https:\/\/okdesign.biz\/wp-content\/uploads\/2021\/06\/ELINAULVIO-1-150x150.jpg 150w, https:\/\/okdesign.biz\/wp-content\/uploads\/2021\/06\/ELINAULVIO-1-768x768.jpg 768w, https:\/\/okdesign.biz\/wp-content\/uploads\/2021\/06\/ELINAULVIO-1-1536x1536.jpg 1536w, https:\/\/okdesign.biz\/wp-content\/uploads\/2021\/06\/ELINAULVIO-1-600x600.jpg 600w, https:\/\/okdesign.biz\/wp-content\/uploads\/2021\/06\/ELINAULVIO-1-900x900.jpg 900w, https:\/\/okdesign.biz\/wp-content\/uploads\/2021\/06\/ELINAULVIO-1-100x100.jpg 100w, https:\/\/okdesign.biz\/wp-content\/uploads\/2021\/06\/ELINAULVIO-1.jpg 1867w\" sizes=\"auto, (max-width: 300px) 100vw, 300px\" \/><figcaption id=\"caption-attachment-5634\" class=\"wp-caption-text\">Concepteur : Elina Ulvio<\/figcaption><\/figure>\n","protected":false},"excerpt":{"rendered":"<style type=\"text\/css\">form.cart {display:none;}<\/style>\n<p><a href=\"https:\/\/www.dyh.com\/products\/point-table\" class=\"btn btn-primary\">Acheter sur DYH.com<\/a><\/p>\n<p>La table Point est une table de salle \u00e0 manger d&#8217;ext\u00e9rieur moderne et minimale. Il combine \u00e9l\u00e9gamment une silhouette minimaliste et des formes g\u00e9om\u00e9triques qui s&#8217;int\u00e8grent \u00e0 tous les espaces. La table est con\u00e7ue pour s&#8217;harmoniser parfaitement avec les <a href=\"https:\/\/okdesign.biz\/product\/point-chair\/\">chaises Point<\/a>, ce qui en fait un choix id\u00e9al pour ceux qui souhaitent cr\u00e9er un espace ext\u00e9rieur coh\u00e9rent et \u00e9l\u00e9gant.<\/p>\n<p>Fabriqu\u00e9e en m\u00e9tal peint par poudrage durable et r\u00e9sistant aux intemp\u00e9ries, la table Point est id\u00e9ale pour une utilisation en ext\u00e9rieur et garantit une durabilit\u00e9 \u00e0 long terme.<\/p>\n<p>Fabriqu\u00e9 dans l&#8217;UE dans des conditions \u00e9quitables.<\/p>\n","protected":false},"featured_media":15955,"template":"","meta":{"om_disable_all_campaigns":false},"product_brand":[],"product_cat":[334,293],"product_tag":[513],"class_list":{"0":"post-22349","1":"product","2":"type-product","3":"status-publish","4":"has-post-thumbnail","6":"product_cat-tableaux","7":"product_cat-tous-les-produits","8":"product_tag-serie-de-points","10":"first","11":"instock","12":"taxable","13":"shipping-taxable","14":"purchasable","15":"product-type-variable"},"aioseo_notices":[],"_links":{"self":[{"href":"https:\/\/okdesign.biz\/fr\/wp-json\/wp\/v2\/product\/22349","targetHints":{"allow":["GET"]}}],"collection":[{"href":"https:\/\/okdesign.biz\/fr\/wp-json\/wp\/v2\/product"}],"about":[{"href":"https:\/\/okdesign.biz\/fr\/wp-json\/wp\/v2\/types\/product"}],"wp:featuredmedia":[{"embeddable":true,"href":"https:\/\/okdesign.biz\/fr\/wp-json\/wp\/v2\/media\/15955"}],"wp:attachment":[{"href":"https:\/\/okdesign.biz\/fr\/wp-json\/wp\/v2\/media?parent=22349"}],"wp:term":[{"taxonomy":"product_brand","embeddable":true,"href":"https:\/\/okdesign.biz\/fr\/wp-json\/wp\/v2\/product_brand?post=22349"},{"taxonomy":"product_cat","embeddable":true,"href":"https:\/\/okdesign.biz\/fr\/wp-json\/wp\/v2\/product_cat?post=22349"},{"taxonomy":"product_tag","embeddable":true,"href":"https:\/\/okdesign.biz\/fr\/wp-json\/wp\/v2\/product_tag?post=22349"}],"curies":[{"name":"wp","href":"https:\/\/api.w.org\/{rel}","templated":true}]}}