{"id":22304,"date":"2021-04-20T20:34:34","date_gmt":"2021-04-20T18:34:34","guid":{"rendered":"https:\/\/okdesign.biz\/product\/une-chaise-en-fil-de-fer\/"},"modified":"2021-04-20T20:34:34","modified_gmt":"2021-04-20T18:34:34","slug":"chaise-a-un-fil","status":"publish","type":"product","link":"https:\/\/okdesign.biz\/fr\/product\/chaise-a-un-fil\/","title":{"rendered":"Une chaise en fil de fer"},"content":{"rendered":"<p>\u00a0<\/p>\n<figure id=\"attachment_5638\" aria-describedby=\"caption-attachment-5638\" style=\"width: 300px\" class=\"wp-caption alignnone\"><img loading=\"lazy\" decoding=\"async\" class=\"wp-image-5638 size-medium\" src=\"https:\/\/okdesign.biz\/wp-content\/uploads\/2021\/06\/Designers-photo-2R-300x300.png\" alt=\"\" width=\"300\" height=\"300\" srcset=\"https:\/\/okdesign.biz\/wp-content\/uploads\/2021\/06\/Designers-photo-2R-300x300.png 300w, https:\/\/okdesign.biz\/wp-content\/uploads\/2021\/06\/Designers-photo-2R-150x150.png 150w, https:\/\/okdesign.biz\/wp-content\/uploads\/2021\/06\/Designers-photo-2R-768x768.png 768w, https:\/\/okdesign.biz\/wp-content\/uploads\/2021\/06\/Designers-photo-2R-600x600.png 600w, https:\/\/okdesign.biz\/wp-content\/uploads\/2021\/06\/Designers-photo-2R-900x900.png 900w, https:\/\/okdesign.biz\/wp-content\/uploads\/2021\/06\/Designers-photo-2R-100x100.png 100w, https:\/\/okdesign.biz\/wp-content\/uploads\/2021\/06\/Designers-photo-2R.png 1000w\" sizes=\"auto, (max-width: 300px) 100vw, 300px\" \/><figcaption id=\"caption-attachment-5638\" class=\"wp-caption-text\">Fasting og Rolff, Danemark<\/figcaption><\/figure>\n","protected":false},"excerpt":{"rendered":"<p>La chaise One Wire est une chaise de salle \u00e0 manger simple et minimale, fabriqu\u00e9e \u00e0 partir d&#8217;un seul fil continu. Le cadre se plie autour d&#8217;un si\u00e8ge et d&#8217;un dossier en textile rembourr\u00e9. Les designers danois Fasting et Rolff ont puis\u00e9 dans la c\u00e9l\u00e8bre tradition du design danois avec cette chaise simple et fonctionnelle, qui allie le minimalisme moderne au style scandinave classique.<\/p>\n<p>La chaise One Wire s&#8217;empile avec une hauteur d&#8217;empilement de 3 cm. Le tissu utilis\u00e9 pour la chaise est r\u00e9sistant \u00e0 la d\u00e9coloration, hydrofuge et tr\u00e8s durable. Le coussin de la chaise peut \u00eatre facilement d\u00e9tach\u00e9, lav\u00e9 et resserr\u00e9 en attachant les rubans \u00e9pais situ\u00e9s en dessous.<\/p>\n<p>Fabriqu\u00e9 dans l&#8217;UE dans des conditions \u00e9quitables.<\/p>\n","protected":false},"featured_media":18927,"template":"","meta":{"om_disable_all_campaigns":false},"product_brand":[],"product_cat":[315,453,293],"product_tag":[471],"class_list":{"0":"post-22304","1":"product","2":"type-product","3":"status-publish","4":"has-post-thumbnail","6":"product_cat-chaises","7":"product_cat-chaises-de-salle-a-manger","8":"product_cat-tous-les-produits","9":"product_tag-serie-monofilaire","11":"first","12":"instock","13":"taxable","14":"shipping-taxable","15":"purchasable","16":"product-type-variable"},"aioseo_notices":[],"_links":{"self":[{"href":"https:\/\/okdesign.biz\/fr\/wp-json\/wp\/v2\/product\/22304","targetHints":{"allow":["GET"]}}],"collection":[{"href":"https:\/\/okdesign.biz\/fr\/wp-json\/wp\/v2\/product"}],"about":[{"href":"https:\/\/okdesign.biz\/fr\/wp-json\/wp\/v2\/types\/product"}],"wp:featuredmedia":[{"embeddable":true,"href":"https:\/\/okdesign.biz\/fr\/wp-json\/wp\/v2\/media\/18927"}],"wp:attachment":[{"href":"https:\/\/okdesign.biz\/fr\/wp-json\/wp\/v2\/media?parent=22304"}],"wp:term":[{"taxonomy":"product_brand","embeddable":true,"href":"https:\/\/okdesign.biz\/fr\/wp-json\/wp\/v2\/product_brand?post=22304"},{"taxonomy":"product_cat","embeddable":true,"href":"https:\/\/okdesign.biz\/fr\/wp-json\/wp\/v2\/product_cat?post=22304"},{"taxonomy":"product_tag","embeddable":true,"href":"https:\/\/okdesign.biz\/fr\/wp-json\/wp\/v2\/product_tag?post=22304"}],"curies":[{"name":"wp","href":"https:\/\/api.w.org\/{rel}","templated":true}]}}