{"id":21539,"date":"2021-05-27T07:27:24","date_gmt":"2021-05-27T05:27:24","guid":{"rendered":"https:\/\/okdesign.biz\/a-propos-de\/"},"modified":"2023-05-31T12:46:23","modified_gmt":"2023-05-31T10:46:23","slug":"a-propos-de","status":"publish","type":"page","link":"https:\/\/okdesign.biz\/fr\/a-propos-de\/","title":{"rendered":"\u00c0 PROPOS DE"},"content":{"rendered":"<section class=\"wpb-content-wrapper\">[vc_row et_full_width=\u201dtrue\u201d et_column_align=\u201dalign-center\u201d full_height=\u201dyes\u201d video_bg=\u201dyes\u201d video_bg_url=\u201dhttps:\/\/www.youtube.com\/watch?v=RiMvkd0PEKc\u201d video_bg_parallax=\u201dcontent-moving\u201d][vc_column][vc_row_inner et_column_align=\u201dalign-center\u201d content_placement=\u201dmiddle\u201d][vc_column_inner et_column_color=\u201det-light-column\u201d animation=\u201danimation bottom-to-top\u201d][vc_column_text]\n<h1 style=\"text-align: center;\">Bienvenue dans notre monde<\/h1>\n[\/vc_column_text][\/vc_column_inner][\/vc_row_inner][vc_column_text][\/vc_column_text][\/vc_column][\/vc_row][vc_row et_column_align=\u201dalign-center\u201d content_placement=\u201dmiddle\u201d css=\u201d.vc_custom_1622204077923{background-position: center !important;background-repeat: no-repeat !important;background-size: contain !important;}\u201d][vc_column offset=\u201dvc_hidden-sm vc_hidden-xs\u201d][vc_row_inner et_max_width=\u201d\u201d et_column_align=\u201dalign-center\u201d content_placement=\u201dmiddle\u201d css=\u201d.vc_custom_1620137452832{padding-top: 60px !important;padding-right: 60px !important;padding-bottom: 60px !important;padding-left: 60px !important;}\u201d][vc_column_inner width=\u201d1\/2\u2033 animation=\u201danimation right-to-left\u201d offset=\u201dvc_hidden-sm vc_hidden-xs\u201d]\t<div class=\"et-image-998 et-image     et_image_link\">\n\t\t<div class=\"et-image-inner \">\n\t\t\t\t\t\t\t<div class=\"et-image-thumb \">\n\t\t\t\t\t<img loading=\"lazy\" decoding=\"async\" width=\"656\" height=\"1024\" src=\"https:\/\/okdesign.biz\/wp-content\/uploads\/2021\/05\/DSC_2583-scaled-e1620031571755-656x1024.jpg\" class=\"attachment-large\" alt=\"\" title=\"DSC_2583\" srcset=\"https:\/\/okdesign.biz\/wp-content\/uploads\/2021\/05\/DSC_2583-scaled-e1620031571755-656x1024.jpg 656w, https:\/\/okdesign.biz\/wp-content\/uploads\/2021\/05\/DSC_2583-scaled-e1620031571755-192x300.jpg 192w, https:\/\/okdesign.biz\/wp-content\/uploads\/2021\/05\/DSC_2583-scaled-e1620031571755-768x1199.jpg 768w, https:\/\/okdesign.biz\/wp-content\/uploads\/2021\/05\/DSC_2583-scaled-e1620031571755-96x150.jpg 96w, https:\/\/okdesign.biz\/wp-content\/uploads\/2021\/05\/DSC_2583-scaled-e1620031571755-600x937.jpg 600w\" sizes=\"auto, (max-width: 656px) 100vw, 656px\" \/>\t\t\t\t<\/div>\n\t\t\t\t\t\t\t\t\t\t\t<\/div>\n\t<\/div>\n  [\/vc_column_inner][vc_column_inner width=\u201d1\/2\u2033 animation=\u201danimation right-to-left\u201d css=\u201d.vc_custom_1622203920729{padding-right: 60px !important;padding-left: 60px !important;}\u201d offset=\u201dvc_hidden-sm vc_hidden-xs\u201d][vc_column_text]\n<h2>Notre histoire<\/h2>\n<p style=\"text-align: left;\"><span style=\"color: #000000;\">OK Design a \u00e9t\u00e9 fond\u00e9 par le couple danois : Jacob Fasting et Kirsten Krogh. Jacob a commenc\u00e9 sa vie d\u2019entrepreneur en fondant la premi\u00e8re soci\u00e9t\u00e9 de coursiers \u00e0 v\u00e9lo \u00e0 Mexico. Plus tard, son esprit d\u2019aventure l\u2019a conduit sur une nouvelle voie cr\u00e9ative avec l\u2019architecte Kirsten Krogh.<\/span><\/p>\n<p style=\"text-align: left;\"><span style=\"color: #000000;\">Kirsten et Jacob ont commenc\u00e9 leur succ\u00e8s en Europe en introduisant les meubles tiss\u00e9s traditionnels du Mexique. Aujourd\u2019hui, ils cr\u00e9ent leurs propres meubles et travaillent en collaboration avec des designers internationaux.<\/span><\/p>\n<p class=\"p2\"><span style=\"color: #000000;\">OK Design est bas\u00e9 \u00e0 Copenhague, notre production, respectueuse de l\u2019environnement, a lieu dans l\u2019UE et les cr\u00e9ations sont vendues dans plus de 40 pays \u00e0 travers le monde.<\/span><\/p>\n<p class=\"p2\"><span style=\"color: #000000;\">Leur dernier projet est Stella Atl\u00e1ntico \u00e0 Isla de la Palma. Un b\u00e2timent de 4 \u00e9tages s\u2019\u00e9levant vers les \u00e9toiles et situ\u00e9 sur le bord du plus grand crat\u00e8re d\u2019\u00e9rosion du monde. Stella Atl\u00e1ntico est \u00e0 la fois une salle d\u2019exposition et une maison de vacances.<\/span><\/p>\n[\/vc_column_text]\t\t<div id=\"et-button-6a04bf4cef6d0\" class=\"et_btn_align_left animation bottom-to-top\">\n\t\t\t<a href=\"https:\/\/stellaatlantico.com\/\" class=\" et_btn button et_btn_md outlined color-   \" target=\"_blank\" role=\"button\" title=\"Shop\" ><span>Stella Atlantico<\/span><\/a>\n\t\t<\/div>\n\t\t\n\t[vc_empty_space][\/vc_column_inner][\/vc_row_inner][\/vc_column][\/vc_row][vc_row et_full_width=\u201dtrue\u201d et_row_padding=\u201dtrue\u201d et_column_align=\u201dalign-center\u201d content_placement=\u201dmiddle\u201d css=\u201d.vc_custom_1622203387852{padding-top: 60px !important;padding-bottom: 60px !important;background-position: center !important;background-repeat: no-repeat !important;background-size: contain !important;}\u201d][vc_column offset=\u201dvc_hidden-lg vc_hidden-md\u201d][vc_row_inner et_max_width=\u201d\u201d et_column_align=\u201dalign-center\u201d content_placement=\u201dmiddle\u201d][vc_column_inner width=\u201d1\/4\u2033 animation=\u201danimation right-to-left\u201d offset=\u201dvc_hidden-lg vc_hidden-md\u201d]\t<div class=\"et-image-203 et-image aligncenter full   et_image_link\">\n\t\t<div class=\"et-image-inner \">\n\t\t\t\t\t\t\t<div class=\"et-image-thumb \">\n\t\t\t\t\t<img loading=\"lazy\" decoding=\"async\" width=\"1024\" height=\"732\" src=\"https:\/\/okdesign.biz\/wp-content\/uploads\/2021\/04\/Jacob-and-Kirsten-1-e1622202240660-1024x732.jpg\" class=\"attachment-large\" alt=\"\" title=\"Jacob and Kirsten (1)\" srcset=\"https:\/\/okdesign.biz\/wp-content\/uploads\/2021\/04\/Jacob-and-Kirsten-1-e1622202240660-1024x732.jpg 1024w, https:\/\/okdesign.biz\/wp-content\/uploads\/2021\/04\/Jacob-and-Kirsten-1-e1622202240660-300x214.jpg 300w, https:\/\/okdesign.biz\/wp-content\/uploads\/2021\/04\/Jacob-and-Kirsten-1-e1622202240660-768x549.jpg 768w, https:\/\/okdesign.biz\/wp-content\/uploads\/2021\/04\/Jacob-and-Kirsten-1-e1622202240660-1536x1098.jpg 1536w, https:\/\/okdesign.biz\/wp-content\/uploads\/2021\/04\/Jacob-and-Kirsten-1-e1622202240660-150x107.jpg 150w, https:\/\/okdesign.biz\/wp-content\/uploads\/2021\/04\/Jacob-and-Kirsten-1-e1622202240660-600x429.jpg 600w, https:\/\/okdesign.biz\/wp-content\/uploads\/2021\/04\/Jacob-and-Kirsten-1-e1622202240660-900x643.jpg 900w\" sizes=\"auto, (max-width: 1024px) 100vw, 1024px\" \/>\t\t\t\t<\/div>\n\t\t\t\t\t\t\t\t\t\t\t<\/div>\n\t<\/div>\n  [\/vc_column_inner][vc_column_inner width=\u201d1\/4\u2033][vc_column_text]\u00a0[\/vc_column_text][\/vc_column_inner][vc_column_inner width=\u201d1\/4\u2033 animation=\u201danimation right-to-left\u201d offset=\u201dvc_hidden-lg vc_hidden-md vc_col-xs-12\u2033][vc_column_text]\n<h4>Notre histoire<\/h4>\n<p style=\"text-align: left;\"><span style=\"color: #000000;\">OK Design a \u00e9t\u00e9 fond\u00e9 par le couple danois : Jacob Fasting et Kirsten Krogh. Jacob a commenc\u00e9 sa vie d\u2019entrepreneur en fondant la premi\u00e8re soci\u00e9t\u00e9 de coursiers \u00e0 v\u00e9lo \u00e0 Mexico. Plus tard, son esprit d\u2019aventure l\u2019a conduit sur une nouvelle voie cr\u00e9ative avec l\u2019architecte Kirsten Krogh.<\/span><\/p>\n<p class=\"p2\"><span style=\"color: #000000;\">OK Design est bas\u00e9 \u00e0 Copenhague, notre production, respectueuse de l\u2019environnement, a lieu dans l\u2019UE et les cr\u00e9ations sont vendues dans plus de 40 pays \u00e0 travers le monde. <\/span><span style=\"color: #000000;\">Leur dernier projet est le Stella Atl\u00e1ntico \u00e0 Isla de la Palma.  <\/span><\/p>\n[\/vc_column_text]\t\t<div id=\"et-button-6a04bf4cf0321\" class=\"et_btn_align_left animation bottom-to-top\">\n\t\t\t<a href=\"https:\/\/okdesign.biz\/stella-atlantico\/\" class=\" et_btn button et_btn_sm outlined color-   \" target=\"_blank\" role=\"button\" title=\"Shop\" ><span>Stella Atlantico<\/span><\/a>\n\t\t<\/div>\n\t\t\n\t[vc_empty_space][\/vc_column_inner][vc_column_inner width=\u201d1\/4\u2033][\/vc_column_inner][\/vc_row_inner][\/vc_column][\/vc_row][vc_row][vc_column offset=\u201dvc_hidden-sm vc_hidden-xs\u201d][\/vc_column][\/vc_row][vc_row][vc_column offset=\u201dvc_hidden-sm vc_hidden-xs\u201d][vc_row_inner][vc_column_inner offset=\u201dvc_hidden-sm vc_hidden-xs\u201d][vc_column_text][\/vc_column_text][\/vc_column_inner][\/vc_row_inner][\/vc_column][\/vc_row][vc_row et_full_width=\u201dtrue\u201d][vc_column offset=\u201dvc_hidden-sm vc_hidden-xs\u201d][vc_row_inner][vc_column_inner offset=\u201dvc_col-md-4 vc_hidden-sm vc_hidden-xs\u201d]\r\n\t\t<div class=\"et-banner-6a04bf4cf0350 et-banner content-full  image-type-fluid text-color-dark hover-effect hover-zoom \"><a href=\"https:\/\/okdesign.biz\/sustainable-design\/\" class=\"et-banner-link et-banner-link-full\"><img loading=\"lazy\" decoding=\"async\" width=\"500\" height=\"859\" src=\"https:\/\/okdesign.biz\/wp-content\/uploads\/2021\/05\/3_Trumpet-Table_black-e1622792356476.jpg\" class=\"et-banner-main-image\" alt=\"Pendulum Cibele\" sizes=\"auto, \" \/>\r\n\t\t\t<div class=\"et-banner-content\">\r\n\t\t\t\t<div class=\"et-banner-content-inner container\">\r\n\t\t\t\t\t<div class=\"et-banner-text h_left v_top align_left\">\r\n\t\t\t\t\t\t<div class=\"et-banner-text-inner\"><h4 class=\"et-banner-subtitle  color- text_style\">Conception durable<\/h4><\/div>\r\n\t\t\t\t\t<\/div>\r\n\t\t\t\t<\/div>\r\n\t\t\t<\/div><\/a>\r\n\t\t<\/div>[\/vc_column_inner][vc_column_inner offset=\u201dvc_col-md-4 vc_hidden-sm vc_hidden-xs\u201d]\r\n\t\t<div class=\"et-banner-6a04bf4cf0fa6 et-banner content-full  image-type-fluid text-color-dark hover-effect hover-zoom \"><a href=\"https:\/\/okdesign.biz\/design-identity\/\" class=\"et-banner-link et-banner-link-full\"><img loading=\"lazy\" decoding=\"async\" width=\"500\" height=\"858\" src=\"https:\/\/okdesign.biz\/wp-content\/uploads\/2021\/04\/3_Confetti-Coffee-table_-Action-scaled-e1622792379806.jpg\" class=\"et-banner-main-image\" alt=\"Confetti Coffee Table\" sizes=\"auto, \" \/>\r\n\t\t\t<div class=\"et-banner-content\">\r\n\t\t\t\t<div class=\"et-banner-content-inner container\">\r\n\t\t\t\t\t<div class=\"et-banner-text h_right v_top align_center\">\r\n\t\t\t\t\t\t<div class=\"et-banner-text-inner animated\" data-animate=\"et-fadeInRight\"><h4 class=\"et-banner-subtitle  color- text_style\">Identit\u00e9 de conception<\/h4><\/div>\r\n\t\t\t\t\t<\/div>\r\n\t\t\t\t<\/div>\r\n\t\t\t<\/div><\/a>\r\n\t\t<\/div>[\/vc_column_inner][vc_column_inner offset=\u201dvc_col-md-4 vc_hidden-sm vc_hidden-xs\u201d]\r\n\t\t<div class=\"et-banner-6a04bf4cf1cf0 et-banner content-full  image-type-fluid text-color-dark hover-effect hover-zoom \"><a href=\"https:\/\/okdesign.biz\/original-acapulco-chair\/\" class=\"et-banner-link et-banner-link-full\"><img loading=\"lazy\" decoding=\"async\" width=\"500\" height=\"858\" src=\"https:\/\/okdesign.biz\/wp-content\/uploads\/2021\/05\/Aca-black-1-scaled-e1622792402515.jpg\" class=\"et-banner-main-image\" alt=\"Acapulco Chair\" sizes=\"auto, \" \/>\r\n\t\t\t<div class=\"et-banner-content\">\r\n\t\t\t\t<div class=\"et-banner-content-inner container\">\r\n\t\t\t\t\t<div class=\"et-banner-text h_right v_top align_right\">\r\n\t\t\t\t\t\t<div class=\"et-banner-text-inner animated\" data-animate=\"et-fadeInUp\"><h4 class=\"et-banner-subtitle  color- text_style\">Chaise originale Acapulco<\/h4><\/div>\r\n\t\t\t\t\t<\/div>\r\n\t\t\t\t<\/div>\r\n\t\t\t<\/div><\/a>\r\n\t\t<\/div>[\/vc_column_inner][\/vc_row_inner][\/vc_column][\/vc_row][vc_row et_full_width=\u201dtrue\u201d css=\u201d.vc_custom_1622105891029{padding-top: 40px !important;padding-bottom: 40px !important;}\u201d][vc_column offset=\u201dvc_hidden-lg vc_hidden-md\u201d][vc_row_inner][vc_column_inner width=\u201d1\/6\u2033 offset=\u201dvc_col-md-4\u2033]\r\n\t\t<div class=\"et-banner-6a04bf4cf22b3 et-banner content-full  image-type-fluid text-color-dark hover-effect hover-zoom \"><a href=\"https:\/\/okdesign.biz\/sustainable-design\/\" class=\"et-banner-link et-banner-link-full\"><img loading=\"lazy\" decoding=\"async\" width=\"400\" height=\"287\" src=\"https:\/\/okdesign.biz\/wp-content\/uploads\/2021\/05\/DSC_6374_edit-scaled-e1622792674228.jpg\" class=\"et-banner-main-image\" alt=\"Trumpet Table\" sizes=\"auto, \" \/>\r\n\t\t\t<div class=\"et-banner-content\">\r\n\t\t\t\t<div class=\"et-banner-content-inner container\">\r\n\t\t\t\t\t<div class=\"et-banner-text h_left v_top align_left\">\r\n\t\t\t\t\t\t<div class=\"et-banner-text-inner\"><h4 class=\"et-banner-subtitle  color- text_style\">Conception durable<\/h4><\/div>\r\n\t\t\t\t\t<\/div>\r\n\t\t\t\t<\/div>\r\n\t\t\t<\/div><\/a>\r\n\t\t<\/div>[\/vc_column_inner][vc_column_inner width=\u201d1\/6\u2033][vc_column_text]\u00a0[\/vc_column_text][\/vc_column_inner][vc_column_inner width=\u201d1\/6\u2033 offset=\u201dvc_col-md-4\u2033]\r\n\t\t<div class=\"et-banner-6a04bf4cf37cf et-banner content-full  image-type-fluid text-color-dark hover-effect hover-zoom \"><a href=\"https:\/\/okdesign.biz\/design-identity\/\" class=\"et-banner-link et-banner-link-full\"><img loading=\"lazy\" decoding=\"async\" width=\"400\" height=\"286\" src=\"https:\/\/okdesign.biz\/wp-content\/uploads\/2021\/05\/3_Confetti-Coffee-table_-Action-scaled-e1622792699756.jpg\" class=\"et-banner-main-image\" alt=\"Confetti Coffee Table\" sizes=\"auto, \" \/>\r\n\t\t\t<div class=\"et-banner-content\">\r\n\t\t\t\t<div class=\"et-banner-content-inner container\">\r\n\t\t\t\t\t<div class=\"et-banner-text h_left v_bottom align_left\">\r\n\t\t\t\t\t\t<div class=\"et-banner-text-inner animated\" data-animate=\"et-fadeInRight\"><h4 class=\"et-banner-subtitle  color- text_style\">Identit\u00e9 de conception<\/h4><\/div>\r\n\t\t\t\t\t<\/div>\r\n\t\t\t\t<\/div>\r\n\t\t\t<\/div><\/a>\r\n\t\t<\/div>[\/vc_column_inner][vc_column_inner width=\u201d1\/6\u2033][vc_column_text]\u00a0[\/vc_column_text][\/vc_column_inner][vc_column_inner width=\u201d1\/6\u2033 offset=\u201dvc_col-md-4\u2033]\r\n\t\t<div class=\"et-banner-6a04bf4cf3b7f et-banner content-full  image-type-fluid text-color-dark hover-effect hover-zoom \"><a href=\"https:\/\/okdesign.biz\/original-acapulco-chair\/\" class=\"et-banner-link et-banner-link-full\"><img loading=\"lazy\" decoding=\"async\" width=\"400\" height=\"286\" src=\"https:\/\/okdesign.biz\/wp-content\/uploads\/2021\/05\/Aca-black-2-scaled-e1622792717369.jpg\" class=\"et-banner-main-image\" alt=\"Acapulco Chair\" sizes=\"auto, \" \/>\r\n\t\t\t<div class=\"et-banner-content\">\r\n\t\t\t\t<div class=\"et-banner-content-inner container\">\r\n\t\t\t\t\t<div class=\"et-banner-text h_right v_top align_right\">\r\n\t\t\t\t\t\t<div class=\"et-banner-text-inner animated\" data-animate=\"et-fadeInUp\"><h4 class=\"et-banner-subtitle  color- text_style\">Acapulco original<\/h4><\/div>\r\n\t\t\t\t\t<\/div>\r\n\t\t\t\t<\/div>\r\n\t\t\t<\/div><\/a>\r\n\t\t<\/div>[\/vc_column_inner][vc_column_inner width=\u201d1\/6\u2033][vc_column_text]\u00a0[\/vc_column_text][\/vc_column_inner][\/vc_row_inner][\/vc_column][\/vc_row][vc_row et_full_width=\u201dtrue\u201d content_placement=\u201dmiddle\u201d css=\u201d.vc_custom_1579114442306{padding-bottom: 40px !important;}\u201d][vc_column][\/vc_column][\/vc_row]\n<\/section>","protected":false},"excerpt":{"rendered":"<p>[vc_row et_full_width=\u201dtrue\u201d et_column_align=\u201dalign-center\u201d full_height=\u201dyes\u201d video_bg=\u201dyes\u201d video_bg_url=\u201dhttps:\/\/www.youtube.com\/watch?v=RiMvkd0PEKc\u201d video_bg_parallax=\u201dcontent-moving\u201d][vc_column][vc_row_inner et_column_align=\u201dalign-center\u201d content_placement=\u201dmiddle\u201d][vc_column_inner et_column_color=\u201det-light-column\u201d animation=\u201danimation bottom-to-top\u201d][vc_column_text] Bienvenue dans notre monde [\/vc_column_text][\/vc_column_inner][\/vc_row_inner][vc_column_text][\/vc_column_text][\/vc_column][\/vc_row][vc_row et_column_align=\u201dalign-center\u201d content_placement=\u201dmiddle\u201d css=\u201d.vc_custom_1622204077923{background-position: center !important;background-repeat: no-repeat !important;background-size: contain !important;}\u201d][vc_column offset=\u201dvc_hidden-sm vc_hidden-xs\u201d][vc_row_inner et_max_width=\u201d\u201d et_column_align=\u201dalign-center\u201d content_placement=\u201dmiddle\u201d css=\u201d.vc_custom_1620137452832{padding-top: 60px !important;padding-right: 60px !important;padding-bottom: 60px !important;padding-left: 60px !important;}\u201d][vc_column_inner width=\u201d1\/2\u2033 animation=\u201danimation right-to-left\u201d offset=\u201dvc_hidden-sm vc_hidden-xs\u201d][\/vc_column_inner][vc_column_inner width=\u201d1\/2\u2033 animation=\u201danimation right-to-left\u201d css=\u201d.vc_custom_1622203920729{padding-right: 60px [&hellip;]<\/p>\n","protected":false},"author":1,"featured_media":0,"parent":0,"menu_order":0,"comment_status":"closed","ping_status":"closed","template":"","meta":{"om_disable_all_campaigns":false,"footnotes":""},"class_list":["post-21539","page","type-page","status-publish","hentry"],"aioseo_notices":[],"_links":{"self":[{"href":"https:\/\/okdesign.biz\/fr\/wp-json\/wp\/v2\/pages\/21539","targetHints":{"allow":["GET"]}}],"collection":[{"href":"https:\/\/okdesign.biz\/fr\/wp-json\/wp\/v2\/pages"}],"about":[{"href":"https:\/\/okdesign.biz\/fr\/wp-json\/wp\/v2\/types\/page"}],"author":[{"embeddable":true,"href":"https:\/\/okdesign.biz\/fr\/wp-json\/wp\/v2\/users\/1"}],"replies":[{"embeddable":true,"href":"https:\/\/okdesign.biz\/fr\/wp-json\/wp\/v2\/comments?post=21539"}],"version-history":[{"count":19,"href":"https:\/\/okdesign.biz\/fr\/wp-json\/wp\/v2\/pages\/21539\/revisions"}],"predecessor-version":[{"id":23069,"href":"https:\/\/okdesign.biz\/fr\/wp-json\/wp\/v2\/pages\/21539\/revisions\/23069"}],"wp:attachment":[{"href":"https:\/\/okdesign.biz\/fr\/wp-json\/wp\/v2\/media?parent=21539"}],"curies":[{"name":"wp","href":"https:\/\/api.w.org\/{rel}","templated":true}]}}