{"id":21277,"date":"2021-05-04T12:44:24","date_gmt":"2021-05-04T10:44:24","guid":{"rendered":"https:\/\/okdesign.biz\/professionnels\/"},"modified":"2023-06-13T12:59:53","modified_gmt":"2023-06-13T10:59:53","slug":"professionnels","status":"publish","type":"page","link":"https:\/\/okdesign.biz\/fr\/professionnels\/","title":{"rendered":"PROFESSIONNELS"},"content":{"rendered":"<section class=\"wpb-content-wrapper\">[vc_row css=\u201d.vc_custom_1622806371579{margin-bottom: -40px !important;}\u201d][vc_column][vc_row_inner][vc_column_inner offset=\u201dvc_hidden-lg vc_hidden-md\u201d][vc_column_text]\u00a0[\/vc_column_text][vc_column_text]\n<h6 style=\"text-align: center;\"><span style=\"color: #bfd9cf;\">PRESSE<\/span><\/h6>\n<h4 style=\"text-align: center;\">Trouvez les images parfaites pour votre site web ou vos m\u00e9dias sociaux<\/h4>\n[\/vc_column_text][\/vc_column_inner][\/vc_row_inner][vc_row_inner][vc_column_inner offset=\u201dvc_hidden-sm vc_hidden-xs\u201d][vc_column_text]\n[\/vc_column_text][vc_column_text]\n<h6 style=\"text-align: center;\"><span style=\"color: #bfd9cf;\">PRESSE<\/span><\/h6>\n<h1 style=\"text-align: center;\">Trouvez les images parfaites pour votre site web ou vos m\u00e9dias sociaux<\/h1>\n[\/vc_column_text][vc_column_text][\/vc_column_text][vc_empty_space][\/vc_column_inner][\/vc_row_inner][\/vc_column][\/vc_row][vc_row css=\u201d.vc_custom_1622806324197{padding-bottom: 40px !important;}\u201d][vc_column][vc_row_inner][vc_column_inner offset=\u201dvc_col-md-4 vc_hidden-sm vc_hidden-xs\u201d]\r\n\t\t<div class=\"et-banner-6a06e9341738f et-banner content-full  image-type-fluid text-color-dark hover-effect hover-zoom \"><a href=\"https:\/\/okdesign.biz\/product-images\/\" class=\"et-banner-link et-banner-link-full\"><img loading=\"lazy\" decoding=\"async\" width=\"776\" height=\"1278\" src=\"https:\/\/okdesign.biz\/wp-content\/uploads\/2021\/04\/Untitled-32-scaled-e1620132358857.jpg\" class=\"et-banner-main-image\" alt=\"Acapulco Chair\" sizes=\"auto, (max-width: 776px) 100vw, 776px\" srcset=\"https:\/\/okdesign.biz\/wp-content\/uploads\/2021\/04\/Untitled-32-scaled-e1620132358857.jpg 776w, https:\/\/okdesign.biz\/wp-content\/uploads\/2021\/04\/Untitled-32-scaled-e1620132358857-182x300.jpg 182w, https:\/\/okdesign.biz\/wp-content\/uploads\/2021\/04\/Untitled-32-scaled-e1620132358857-622x1024.jpg 622w, https:\/\/okdesign.biz\/wp-content\/uploads\/2021\/04\/Untitled-32-scaled-e1620132358857-768x1265.jpg 768w, https:\/\/okdesign.biz\/wp-content\/uploads\/2021\/04\/Untitled-32-scaled-e1620132358857-91x150.jpg 91w, https:\/\/okdesign.biz\/wp-content\/uploads\/2021\/04\/Untitled-32-scaled-e1620132358857-600x988.jpg 600w\" \/>\r\n\t\t\t<div class=\"et-banner-content\">\r\n\t\t\t\t<div class=\"et-banner-content-inner container\">\r\n\t\t\t\t\t<div class=\"et-banner-text h_left v_top align_left\">\r\n\t\t\t\t\t\t<div class=\"et-banner-text-inner\"><h4 class=\"et-banner-subtitle  color- text_style\">images de produits<\/h4><\/div>\r\n\t\t\t\t\t<\/div>\r\n\t\t\t\t<\/div>\r\n\t\t\t<\/div><\/a>\r\n\t\t<\/div>[\/vc_column_inner][vc_column_inner offset=\u201dvc_col-md-4 vc_hidden-sm vc_hidden-xs\u201d]\r\n\t\t<div class=\"et-banner-6a06e93417e11 et-banner content-full  image-type-fluid text-color-dark hover-effect hover-zoom \"><a href=\"https:\/\/okdesign.biz\/wp-content\/uploads\/2021\/05\/OK-Design_Catalog2021.pdf\" class=\"et-banner-link et-banner-link-full\"><img loading=\"lazy\" decoding=\"async\" width=\"774\" height=\"1280\" src=\"https:\/\/okdesign.biz\/wp-content\/uploads\/2021\/05\/ghjklae-scaled-e1621603559778.jpg\" class=\"et-banner-main-image\" alt=\"Pendulum Cibele\" sizes=\"auto, (max-width: 774px) 100vw, 774px\" srcset=\"https:\/\/okdesign.biz\/wp-content\/uploads\/2021\/05\/ghjklae-scaled-e1621603559778.jpg 774w, https:\/\/okdesign.biz\/wp-content\/uploads\/2021\/05\/ghjklae-scaled-e1621603559778-181x300.jpg 181w, https:\/\/okdesign.biz\/wp-content\/uploads\/2021\/05\/ghjklae-scaled-e1621603559778-619x1024.jpg 619w, https:\/\/okdesign.biz\/wp-content\/uploads\/2021\/05\/ghjklae-scaled-e1621603559778-768x1270.jpg 768w, https:\/\/okdesign.biz\/wp-content\/uploads\/2021\/05\/ghjklae-scaled-e1621603559778-91x150.jpg 91w, https:\/\/okdesign.biz\/wp-content\/uploads\/2021\/05\/ghjklae-scaled-e1621603559778-600x992.jpg 600w\" \/>\r\n\t\t\t<div class=\"et-banner-content\">\r\n\t\t\t\t<div class=\"et-banner-content-inner container\">\r\n\t\t\t\t\t<div class=\"et-banner-text h_right v_top align_right\">\r\n\t\t\t\t\t\t<div class=\"et-banner-text-inner animated\" data-animate=\"et-fadeInRight\"><h4 class=\"et-banner-subtitle  color- text_style\">Catalogue<\/h4><\/div>\r\n\t\t\t\t\t<\/div>\r\n\t\t\t\t<\/div>\r\n\t\t\t<\/div><\/a>\r\n\t\t<\/div>[\/vc_column_inner][vc_column_inner offset=\u201dvc_col-md-4 vc_hidden-sm vc_hidden-xs\u201d]\r\n\t\t<div class=\"et-banner-6a06e9341876e et-banner content-full  image-type-fluid text-color-dark hover-effect hover-zoom \"><a href=\"https:\/\/okdesign.biz\/blog\/\" class=\"et-banner-link et-banner-link-full\"><img loading=\"lazy\" decoding=\"async\" width=\"774\" height=\"1280\" src=\"https:\/\/okdesign.biz\/wp-content\/uploads\/2021\/05\/Untitled-54552-2-scaled-e1621603345950.jpg\" class=\"et-banner-main-image\" alt=\"Point Chair\" sizes=\"auto, (max-width: 774px) 100vw, 774px\" srcset=\"https:\/\/okdesign.biz\/wp-content\/uploads\/2021\/05\/Untitled-54552-2-scaled-e1621603345950.jpg 774w, https:\/\/okdesign.biz\/wp-content\/uploads\/2021\/05\/Untitled-54552-2-scaled-e1621603345950-181x300.jpg 181w, https:\/\/okdesign.biz\/wp-content\/uploads\/2021\/05\/Untitled-54552-2-scaled-e1621603345950-619x1024.jpg 619w, https:\/\/okdesign.biz\/wp-content\/uploads\/2021\/05\/Untitled-54552-2-scaled-e1621603345950-768x1270.jpg 768w, https:\/\/okdesign.biz\/wp-content\/uploads\/2021\/05\/Untitled-54552-2-scaled-e1621603345950-91x150.jpg 91w, https:\/\/okdesign.biz\/wp-content\/uploads\/2021\/05\/Untitled-54552-2-scaled-e1621603345950-600x992.jpg 600w\" \/>\r\n\t\t\t<div class=\"et-banner-content\">\r\n\t\t\t\t<div class=\"et-banner-content-inner container\">\r\n\t\t\t\t\t<div class=\"et-banner-text h_left v_top align_left\">\r\n\t\t\t\t\t\t<div class=\"et-banner-text-inner animated\" data-animate=\"et-fadeInUp\"><h4 class=\"et-banner-subtitle  color- text_style\">Blog<\/h4><\/div>\r\n\t\t\t\t\t<\/div>\r\n\t\t\t\t<\/div>\r\n\t\t\t<\/div><\/a>\r\n\t\t<\/div>[\/vc_column_inner][\/vc_row_inner][vc_row_inner][vc_column_inner width=\u201d1\/6\u2033 offset=\u201dvc_hidden-lg vc_col-md-4 vc_hidden-md\u201d]\r\n\t\t<div class=\"et-banner-6a06e93418e0d et-banner content-full  image-type-fluid text-color-dark hover-effect hover-zoom \"><a href=\"https:\/\/okdesign.biz\/product-images\/\" class=\"et-banner-link et-banner-link-full\"><img loading=\"lazy\" decoding=\"async\" width=\"1792\" height=\"1280\" src=\"https:\/\/okdesign.biz\/wp-content\/uploads\/2021\/05\/Untitled-32-scaled-e1622446013988.jpg\" class=\"et-banner-main-image\" alt=\"Condesa Chair\" sizes=\"auto, (max-width: 1792px) 100vw, 1792px\" srcset=\"https:\/\/okdesign.biz\/wp-content\/uploads\/2021\/05\/Untitled-32-scaled-e1622446013988.jpg 1792w, https:\/\/okdesign.biz\/wp-content\/uploads\/2021\/05\/Untitled-32-scaled-e1622446013988-300x214.jpg 300w, https:\/\/okdesign.biz\/wp-content\/uploads\/2021\/05\/Untitled-32-scaled-e1622446013988-1024x731.jpg 1024w, https:\/\/okdesign.biz\/wp-content\/uploads\/2021\/05\/Untitled-32-scaled-e1622446013988-768x549.jpg 768w, https:\/\/okdesign.biz\/wp-content\/uploads\/2021\/05\/Untitled-32-scaled-e1622446013988-1536x1097.jpg 1536w, https:\/\/okdesign.biz\/wp-content\/uploads\/2021\/05\/Untitled-32-scaled-e1622446013988-150x107.jpg 150w, https:\/\/okdesign.biz\/wp-content\/uploads\/2021\/05\/Untitled-32-scaled-e1622446013988-600x429.jpg 600w, https:\/\/okdesign.biz\/wp-content\/uploads\/2021\/05\/Untitled-32-scaled-e1622446013988-900x643.jpg 900w\" \/>\r\n\t\t\t<div class=\"et-banner-content\">\r\n\t\t\t\t<div class=\"et-banner-content-inner container\">\r\n\t\t\t\t\t<div class=\"et-banner-text h_left v_top align_left\">\r\n\t\t\t\t\t\t<div class=\"et-banner-text-inner\"><h4 class=\"et-banner-subtitle  color- text_style\">images de produits<\/h4><\/div>\r\n\t\t\t\t\t<\/div>\r\n\t\t\t\t<\/div>\r\n\t\t\t<\/div><\/a>\r\n\t\t<\/div>\r\n\t\t<div class=\"et-banner-6a06e93419392 et-banner content-full  image-type-fluid text-color-dark hover-effect hover-zoom \"><a href=\"https:\/\/okdesign.biz\/product-images\/\" class=\"et-banner-link et-banner-link-full\"><img loading=\"lazy\" decoding=\"async\" width=\"1792\" height=\"1280\" src=\"https:\/\/okdesign.biz\/wp-content\/uploads\/2021\/05\/Untitled-32-scaled-e1622446013988.jpg\" class=\"et-banner-main-image\" alt=\"Condesa Chair\" sizes=\"auto, (max-width: 1792px) 100vw, 1792px\" srcset=\"https:\/\/okdesign.biz\/wp-content\/uploads\/2021\/05\/Untitled-32-scaled-e1622446013988.jpg 1792w, https:\/\/okdesign.biz\/wp-content\/uploads\/2021\/05\/Untitled-32-scaled-e1622446013988-300x214.jpg 300w, https:\/\/okdesign.biz\/wp-content\/uploads\/2021\/05\/Untitled-32-scaled-e1622446013988-1024x731.jpg 1024w, https:\/\/okdesign.biz\/wp-content\/uploads\/2021\/05\/Untitled-32-scaled-e1622446013988-768x549.jpg 768w, https:\/\/okdesign.biz\/wp-content\/uploads\/2021\/05\/Untitled-32-scaled-e1622446013988-1536x1097.jpg 1536w, https:\/\/okdesign.biz\/wp-content\/uploads\/2021\/05\/Untitled-32-scaled-e1622446013988-150x107.jpg 150w, https:\/\/okdesign.biz\/wp-content\/uploads\/2021\/05\/Untitled-32-scaled-e1622446013988-600x429.jpg 600w, https:\/\/okdesign.biz\/wp-content\/uploads\/2021\/05\/Untitled-32-scaled-e1622446013988-900x643.jpg 900w\" \/>\r\n\t\t\t<div class=\"et-banner-content\">\r\n\t\t\t\t<div class=\"et-banner-content-inner container\">\r\n\t\t\t\t\t<div class=\"et-banner-text h_left v_top align_left\">\r\n\t\t\t\t\t\t<div class=\"et-banner-text-inner\"><h4 class=\"et-banner-subtitle  color- text_style\">images de produits<\/h4><\/div>\r\n\t\t\t\t\t<\/div>\r\n\t\t\t\t<\/div>\r\n\t\t\t<\/div><\/a>\r\n\t\t<\/div>[\/vc_column_inner][vc_column_inner width=\u201d1\/6\u2033][vc_column_text][\/vc_column_text][\/vc_column_inner][vc_column_inner width=\u201d1\/6\u2033 offset=\u201dvc_hidden-lg vc_col-md-4 vc_hidden-md\u201d]\r\n\t\t<div class=\"et-banner-6a06e934193fc et-banner content-full  image-type-fluid text-color-dark hover-effect hover-zoom \"><a href=\"https:\/\/okdesign.biz\/wp-content\/uploads\/2021\/05\/OK-Design_Catalog2021.pdf\" class=\"et-banner-link et-banner-link-full\"><img loading=\"lazy\" decoding=\"async\" width=\"1574\" height=\"1126\" src=\"https:\/\/okdesign.biz\/wp-content\/uploads\/2021\/05\/pinklife-scaled-e1622443847102.jpg\" class=\"et-banner-main-image\" alt=\"Pendulum Cibele\" sizes=\"auto, (max-width: 1574px) 100vw, 1574px\" srcset=\"https:\/\/okdesign.biz\/wp-content\/uploads\/2021\/05\/pinklife-scaled-e1622443847102.jpg 1574w, https:\/\/okdesign.biz\/wp-content\/uploads\/2021\/05\/pinklife-scaled-e1622443847102-300x215.jpg 300w, https:\/\/okdesign.biz\/wp-content\/uploads\/2021\/05\/pinklife-scaled-e1622443847102-1024x733.jpg 1024w, https:\/\/okdesign.biz\/wp-content\/uploads\/2021\/05\/pinklife-scaled-e1622443847102-768x549.jpg 768w, https:\/\/okdesign.biz\/wp-content\/uploads\/2021\/05\/pinklife-scaled-e1622443847102-1536x1099.jpg 1536w, https:\/\/okdesign.biz\/wp-content\/uploads\/2021\/05\/pinklife-scaled-e1622443847102-150x107.jpg 150w, https:\/\/okdesign.biz\/wp-content\/uploads\/2021\/05\/pinklife-scaled-e1622443847102-600x429.jpg 600w, https:\/\/okdesign.biz\/wp-content\/uploads\/2021\/05\/pinklife-scaled-e1622443847102-900x644.jpg 900w\" \/>\r\n\t\t\t<div class=\"et-banner-content\">\r\n\t\t\t\t<div class=\"et-banner-content-inner container\">\r\n\t\t\t\t\t<div class=\"et-banner-text h_right v_top align_right\">\r\n\t\t\t\t\t\t<div class=\"et-banner-text-inner animated\" data-animate=\"et-fadeInRight\"><h4 class=\"et-banner-subtitle  color- text_style\">Catalogue<\/h4><\/div>\r\n\t\t\t\t\t<\/div>\r\n\t\t\t\t<\/div>\r\n\t\t\t<\/div><\/a>\r\n\t\t<\/div>[\/vc_column_inner][vc_column_inner width=\u201d1\/6\u2033][vc_column_text][\/vc_column_text][\/vc_column_inner][vc_column_inner width=\u201d1\/6\u2033 offset=\u201dvc_hidden-lg vc_col-md-4 vc_hidden-md\u201d]\r\n\t\t<div class=\"et-banner-6a06e934199e9 et-banner content-full  image-type-fluid text-color-dark hover-effect hover-zoom \"><a href=\"https:\/\/okdesign.biz\/blog\/\" class=\"et-banner-link et-banner-link-full\"><img loading=\"lazy\" decoding=\"async\" width=\"1593\" height=\"1139\" src=\"https:\/\/okdesign.biz\/wp-content\/uploads\/2021\/05\/Untitled-54552-3-scaled-e1622443768461.jpg\" class=\"et-banner-main-image\" alt=\"Point Table\" sizes=\"auto, (max-width: 1593px) 100vw, 1593px\" srcset=\"https:\/\/okdesign.biz\/wp-content\/uploads\/2021\/05\/Untitled-54552-3-scaled-e1622443768461.jpg 1593w, https:\/\/okdesign.biz\/wp-content\/uploads\/2021\/05\/Untitled-54552-3-scaled-e1622443768461-300x215.jpg 300w, https:\/\/okdesign.biz\/wp-content\/uploads\/2021\/05\/Untitled-54552-3-scaled-e1622443768461-1024x732.jpg 1024w, https:\/\/okdesign.biz\/wp-content\/uploads\/2021\/05\/Untitled-54552-3-scaled-e1622443768461-768x549.jpg 768w, https:\/\/okdesign.biz\/wp-content\/uploads\/2021\/05\/Untitled-54552-3-scaled-e1622443768461-1536x1098.jpg 1536w, https:\/\/okdesign.biz\/wp-content\/uploads\/2021\/05\/Untitled-54552-3-scaled-e1622443768461-150x107.jpg 150w, https:\/\/okdesign.biz\/wp-content\/uploads\/2021\/05\/Untitled-54552-3-scaled-e1622443768461-600x429.jpg 600w, https:\/\/okdesign.biz\/wp-content\/uploads\/2021\/05\/Untitled-54552-3-scaled-e1622443768461-900x644.jpg 900w\" \/>\r\n\t\t\t<div class=\"et-banner-content\">\r\n\t\t\t\t<div class=\"et-banner-content-inner container\">\r\n\t\t\t\t\t<div class=\"et-banner-text h_left v_top align_left\">\r\n\t\t\t\t\t\t<div class=\"et-banner-text-inner animated\" data-animate=\"et-fadeInUp\"><h4 class=\"et-banner-subtitle  color- text_style\">Blog<\/h4><\/div>\r\n\t\t\t\t\t<\/div>\r\n\t\t\t\t<\/div>\r\n\t\t\t<\/div><\/a>\r\n\t\t<\/div>[\/vc_column_inner][vc_column_inner width=\u201d1\/6\u2033][vc_column_text][\/vc_column_text][\/vc_column_inner][\/vc_row_inner][vc_row_inner][vc_column_inner offset=\u201dvc_hidden-sm vc_hidden-xs\u201d][vc_column_text]Vous pouvez y t\u00e9l\u00e9charger tout le mat\u00e9riel n\u00e9cessaire \u00e0 votre activit\u00e9. Retrouvez notre catalogue et des photos de produits en haute r\u00e9solution et n\u2019oubliez pas de vous tenir au courant avec notre blog. Toutes les images sont la propri\u00e9t\u00e9 d\u2019OK design et ne doivent pas \u00eatre utilis\u00e9es \u00e0 des fins personnelles. Elles sont exclusivement destin\u00e9es \u00e0 nos clients B to B et \u00e0 nos clients finaux. Notre catalogue est \u00e9galement disponible au t\u00e9l\u00e9chargement. N\u2019oubliez pas de consulter les derni\u00e8res nouvelles d\u2019OK Design sur notre blog.[\/vc_column_text][\/vc_column_inner][\/vc_row_inner][vc_row_inner][vc_column_inner offset=\u201dvc_hidden-lg vc_hidden-md\u201d][\/vc_column_inner][\/vc_row_inner][\/vc_column][\/vc_row][vc_row et_column_align=\u201dalign-center\u201d content_placement=\u201dmiddle\u201d][vc_column animation=\u201danimation bottom-to-top\u201d css=\u201d.vc_custom_1623052889261{padding-top: 60px !important;padding-right: 15% !important;padding-bottom: 40px !important;padding-left: 15% !important;background-color: #fcfada !important;}\u201d offset=\u201dvc_hidden-sm vc_hidden-xs\u201d][vc_row_inner et_column_align=\u201dalign-center\u201d content_placement=\u201dtop\u201d][vc_column_inner offset=\u201dvc_col-lg-8 vc_hidden-sm vc_hidden-xs\u201d][vc_column_text]\n<h5 class=\"fancy-title accent-color\" style=\"text-align: center;\">Espaces connect\u00e9s<\/h5>\n<h2 style=\"text-align: center;\">Retrouvez-nous sur les m\u00e9dias sociaux<\/h2>\n<p style=\"text-align: center;\">Nous sommes l\u00e0 pour vous fournir un bon service \u00e0 la client\u00e8le et vous inspirer avec nos designs. Suivez-nous sur les m\u00e9dias sociaux pour en savoir plus sur nos nouveaux projets.<\/p>\n[\/vc_column_text][vc_empty_space height=\u201d20px\u201d][\/vc_column_inner][\/vc_row_inner][vc_row_inner et_column_align=\u201dalign-center\u201d content_placement=\u201dtop\u201d][vc_column_inner offset=\u201dvc_hidden-sm vc_hidden-xs\u201d]\t<div id=\"et-icon-holder-591\" class=\"et-icon-holder row center-true lg-block-grid-4 md-block-grid-2 block-grid-1 \">\n\t\t\r\n\t<div id=\"et-iconbox-762\" class=\"et-iconbox layout-centered icon-style-simple bottom-spacing-none icon-color- text-color- animation bottom-to-top \"> \r\n\t\t<div class=\"et-icon-inner\">\r\n\t\t\t\t\t\t\t<a href=\"https:\/\/www.facebook.com\/OKDesign.dk\" title=\"\">\r\n\t\t\t\t\t\t<figure class=\"et-feature-icon\">\r\n\t\t\t\t\t\t\t\t<span class=\"fab fa-facebook\"><\/span>\r\n\t\t\t\t\t\t\t<\/figure>\r\n\t\t\t\t\t\t\t<\/a>\r\n\t\t\t\t\t\t<div class=\"et-feature-content\"> \r\n\t\t\t\t\t\t\t\t\t<a href=\"https:\/\/www.facebook.com\/OKDesign.dk\" title=\"\">\r\n\t\t\t\t\t\t\t\t\t\t\t\t\t\t\t\t\t<h4 class=\"title\">Facebook<\/h4>\r\n\t\t\t\t\t\t\t\t\t\t\t\t\t<\/a>\r\n\t\t\t\t\t\t\t\t<div class=\"wpb_text_column\"><p>Consultez nos derni\u00e8res publications sur Facebook.<\/p>\n<\/div>\r\n\t\t\t<\/div>\r\n\t\t<\/div>\r\n\t<\/div>\r\n\r\n\t\r\n\t<div id=\"et-iconbox-58\" class=\"et-iconbox layout-centered icon-style-simple bottom-spacing-none icon-color- text-color- animation bottom-to-top \"> \r\n\t\t<div class=\"et-icon-inner\">\r\n\t\t\t\t\t\t\t<a href=\"https:\/\/www.instagram.com\/okdesign_\/\" title=\"\">\r\n\t\t\t\t\t\t<figure class=\"et-feature-icon\">\r\n\t\t\t\t\t\t\t\t<span class=\"fab fa-instagram\"><\/span>\r\n\t\t\t\t\t\t\t<\/figure>\r\n\t\t\t\t\t\t\t<\/a>\r\n\t\t\t\t\t\t<div class=\"et-feature-content\"> \r\n\t\t\t\t\t\t\t\t\t<a href=\"https:\/\/www.instagram.com\/okdesign_\/\" title=\"\">\r\n\t\t\t\t\t\t\t\t\t\t\t\t\t\t\t\t\t<h4 class=\"title\">Instagram<\/h4>\r\n\t\t\t\t\t\t\t\t\t\t\t\t\t<\/a>\r\n\t\t\t\t\t\t\t\t<div class=\"wpb_text_column\"><p>Laissez-vous inspirer par notre flux Instagram.<\/p>\n<\/div>\r\n\t\t\t<\/div>\r\n\t\t<\/div>\r\n\t<\/div>\r\n\r\n\t\r\n\t<div id=\"et-iconbox-764\" class=\"et-iconbox layout-centered icon-style-simple bottom-spacing-none icon-color- text-color- animation bottom-to-top \"> \r\n\t\t<div class=\"et-icon-inner\">\r\n\t\t\t\t\t\t\t<a href=\"https:\/\/www.pinterest.com\/okdesigndk\/_created\/\" title=\"\">\r\n\t\t\t\t\t\t<figure class=\"et-feature-icon\">\r\n\t\t\t\t\t\t\t\t<span class=\"fab fa-pinterest\"><\/span>\r\n\t\t\t\t\t\t\t<\/figure>\r\n\t\t\t\t\t\t\t<\/a>\r\n\t\t\t\t\t\t<div class=\"et-feature-content\"> \r\n\t\t\t\t\t\t\t\t\t<a href=\"https:\/\/www.pinterest.com\/okdesigndk\/_created\/\" title=\"\">\r\n\t\t\t\t\t\t\t\t\t\t\t\t\t\t\t\t\t<h4 class=\"title\">Pinterest<\/h4>\r\n\t\t\t\t\t\t\t\t\t\t\t\t\t<\/a>\r\n\t\t\t\t\t\t\t\t<div class=\"wpb_text_column\"><p>\u00c9pinglez vos mod\u00e8les pr\u00e9f\u00e9r\u00e9s.<\/p>\n<\/div>\r\n\t\t\t<\/div>\r\n\t\t<\/div>\r\n\t<\/div>\r\n\r\n\t\t<\/div>\n\t[\/vc_column_inner][\/vc_row_inner][\/vc_column][\/vc_row][vc_row][vc_column][vc_column_text][\/vc_column_text][\/vc_column][\/vc_row]\n<\/section>","protected":false},"excerpt":{"rendered":"<p>[vc_row css=\u201d.vc_custom_1622806371579{margin-bottom: -40px !important;}\u201d][vc_column][vc_row_inner][vc_column_inner offset=\u201dvc_hidden-lg vc_hidden-md\u201d][vc_column_text]\u00a0[\/vc_column_text][vc_column_text] PRESSE Trouvez les images parfaites pour votre site web ou vos m\u00e9dias sociaux [\/vc_column_text][\/vc_column_inner][\/vc_row_inner][vc_row_inner][vc_column_inner offset=\u201dvc_hidden-sm vc_hidden-xs\u201d][vc_column_text] [\/vc_column_text][vc_column_text] PRESSE Trouvez les images parfaites pour votre site web ou vos m\u00e9dias sociaux [\/vc_column_text][vc_column_text][\/vc_column_text][vc_empty_space][\/vc_column_inner][\/vc_row_inner][\/vc_column][\/vc_row][vc_row css=\u201d.vc_custom_1622806324197{padding-bottom: 40px !important;}\u201d][vc_column][vc_row_inner][vc_column_inner offset=\u201dvc_col-md-4 vc_hidden-sm vc_hidden-xs\u201d][\/vc_column_inner][vc_column_inner offset=\u201dvc_col-md-4 vc_hidden-sm vc_hidden-xs\u201d][\/vc_column_inner][vc_column_inner offset=\u201dvc_col-md-4 vc_hidden-sm vc_hidden-xs\u201d][\/vc_column_inner][\/vc_row_inner][vc_row_inner][vc_column_inner width=\u201d1\/6\u2033 [&hellip;]<\/p>\n","protected":false},"author":1,"featured_media":0,"parent":0,"menu_order":0,"comment_status":"closed","ping_status":"closed","template":"","meta":{"om_disable_all_campaigns":false,"footnotes":""},"class_list":["post-21277","page","type-page","status-publish","hentry"],"aioseo_notices":[],"_links":{"self":[{"href":"https:\/\/okdesign.biz\/fr\/wp-json\/wp\/v2\/pages\/21277","targetHints":{"allow":["GET"]}}],"collection":[{"href":"https:\/\/okdesign.biz\/fr\/wp-json\/wp\/v2\/pages"}],"about":[{"href":"https:\/\/okdesign.biz\/fr\/wp-json\/wp\/v2\/types\/page"}],"author":[{"embeddable":true,"href":"https:\/\/okdesign.biz\/fr\/wp-json\/wp\/v2\/users\/1"}],"replies":[{"embeddable":true,"href":"https:\/\/okdesign.biz\/fr\/wp-json\/wp\/v2\/comments?post=21277"}],"version-history":[{"count":13,"href":"https:\/\/okdesign.biz\/fr\/wp-json\/wp\/v2\/pages\/21277\/revisions"}],"predecessor-version":[{"id":23204,"href":"https:\/\/okdesign.biz\/fr\/wp-json\/wp\/v2\/pages\/21277\/revisions\/23204"}],"wp:attachment":[{"href":"https:\/\/okdesign.biz\/fr\/wp-json\/wp\/v2\/media?parent=21277"}],"curies":[{"name":"wp","href":"https:\/\/api.w.org\/{rel}","templated":true}]}}