{"id":22368,"date":"2021-04-21T17:34:06","date_gmt":"2021-04-21T15:34:06","guid":{"rendered":"https:\/\/okdesign.biz\/product\/revistero-nouvelle-metal\/"},"modified":"2025-03-26T17:00:19","modified_gmt":"2025-03-26T16:00:19","slug":"nouvelle-porta-revistas-metal","status":"publish","type":"product","link":"https:\/\/okdesign.biz\/es\/product\/nouvelle-porta-revistas-metal\/","title":{"rendered":"Revistero Nouvelle &#8211; Metal"},"content":{"rendered":"<p>\u00a0<\/p>\n<figure id=\"attachment_5630\" aria-describedby=\"caption-attachment-5630\" style=\"width: 300px\" class=\"wp-caption alignnone\"><img loading=\"lazy\" decoding=\"async\" class=\"wp-image-5630\" src=\"https:\/\/okdesign.biz\/wp-content\/uploads\/2021\/06\/Jacob-and-Kirsten-1-1.jpg\" alt=\"\" width=\"300\" height=\"300\"><figcaption id=\"caption-attachment-5630\" class=\"wp-caption-text\">Dise\u00f1adores: Kirsten Krogh & Jacob Fasting<\/figcaption><\/figure>\n","protected":false},"excerpt":{"rendered":"<style type=\"text\/css\">form.cart {display:none;}<\/style>\n<p><a class=\"btn btn-primary\" href=\"https:\/\/www.dyh.com\/products\/nouvelle-magazin-holder\">Comprar en DYH.com<\/a><\/p>\n<p>El revistero Nouvelle &#8211; Metal es una variante muy duradera del revistero Nouvelle. Fabricada en metal con recubrimiento de polvo, la combinaci\u00f3n de alambre y metal perforado crea un juego visualmente impresionante de transparencia y silueta, elevando el dise\u00f1o a nuevas cotas.<\/p>\n<p>El dise\u00f1o minimalista del revistero Nouvelle es a la vez elegante y funcional, y ofrece una pr\u00e1ctica soluci\u00f3n de almacenamiento para sus revistas y peri\u00f3dicos favoritos. La estructura met\u00e1lica es resistente y duradera, lo que garantiza que el soporte durar\u00e1 muchos a\u00f1os.<\/p>\n<p>El revistero Nouvelle es perfecto para utilizarlo en el sal\u00f3n, el dormitorio o la oficina, y su tama\u00f1o compacto hace que sea f\u00e1cil de mover y colocar donde lo necesite.<\/p>\n<p>El revistero Nouvelle &#8211; Metal pertenece a la misma l\u00ednea de productos de inspiraci\u00f3n francesa que <a href=\"https:\/\/okdesign.biz\/product\/boite-boxes\/\">Bo\u00eete<\/a>, <a href=\"https:\/\/okdesign.biz\/product\/tableau-magnetic-board\/\">Tableau<\/a> y <a href=\"https:\/\/okdesign.biz\/product\/ami-side-table\/\">Ami.<\/a><\/p>\n<p>Fabricado en la UE en condiciones justas.<\/p>\n<p>&nbsp;<\/p>\n","protected":false},"featured_media":20385,"template":"","meta":{"om_disable_all_campaigns":false},"product_brand":[],"product_cat":[379,298],"product_tag":[485],"class_list":{"0":"post-22368","1":"product","2":"type-product","3":"status-publish","4":"has-post-thumbnail","6":"product_cat-accesorios","7":"product_cat-todos-los-productos","8":"product_tag-serie-francesa","10":"first","11":"instock","12":"taxable","13":"shipping-taxable","14":"purchasable","15":"product-type-variable"},"aioseo_notices":[],"_links":{"self":[{"href":"https:\/\/okdesign.biz\/es\/wp-json\/wp\/v2\/product\/22368","targetHints":{"allow":["GET"]}}],"collection":[{"href":"https:\/\/okdesign.biz\/es\/wp-json\/wp\/v2\/product"}],"about":[{"href":"https:\/\/okdesign.biz\/es\/wp-json\/wp\/v2\/types\/product"}],"wp:featuredmedia":[{"embeddable":true,"href":"https:\/\/okdesign.biz\/es\/wp-json\/wp\/v2\/media\/20385"}],"wp:attachment":[{"href":"https:\/\/okdesign.biz\/es\/wp-json\/wp\/v2\/media?parent=22368"}],"wp:term":[{"taxonomy":"product_brand","embeddable":true,"href":"https:\/\/okdesign.biz\/es\/wp-json\/wp\/v2\/product_brand?post=22368"},{"taxonomy":"product_cat","embeddable":true,"href":"https:\/\/okdesign.biz\/es\/wp-json\/wp\/v2\/product_cat?post=22368"},{"taxonomy":"product_tag","embeddable":true,"href":"https:\/\/okdesign.biz\/es\/wp-json\/wp\/v2\/product_tag?post=22368"}],"curies":[{"name":"wp","href":"https:\/\/api.w.org\/{rel}","templated":true}]}}