{"id":22296,"date":"2021-04-20T20:26:55","date_gmt":"2021-04-20T18:26:55","guid":{"rendered":"https:\/\/okdesign.biz\/product\/silla-point\/"},"modified":"2025-03-26T16:41:19","modified_gmt":"2025-03-26T15:41:19","slug":"punto-de-vista","status":"publish","type":"product","link":"https:\/\/okdesign.biz\/es\/product\/punto-de-vista\/","title":{"rendered":"Silla Point"},"content":{"rendered":"<p>\u00a0<\/p>\n<figure id=\"attachment_5634\" aria-describedby=\"caption-attachment-5634\" style=\"width: 300px\" class=\"wp-caption alignnone\"><img loading=\"lazy\" decoding=\"async\" class=\"wp-image-5634 size-medium\" src=\"https:\/\/okdesign.biz\/wp-content\/uploads\/2021\/06\/ELINAULVIO-1-300x300.jpg\" alt=\"\" width=\"300\" height=\"300\" srcset=\"https:\/\/okdesign.biz\/wp-content\/uploads\/2021\/06\/ELINAULVIO-1-300x300.jpg 300w, https:\/\/okdesign.biz\/wp-content\/uploads\/2021\/06\/ELINAULVIO-1-1024x1024.jpg 1024w, https:\/\/okdesign.biz\/wp-content\/uploads\/2021\/06\/ELINAULVIO-1-150x150.jpg 150w, https:\/\/okdesign.biz\/wp-content\/uploads\/2021\/06\/ELINAULVIO-1-768x768.jpg 768w, https:\/\/okdesign.biz\/wp-content\/uploads\/2021\/06\/ELINAULVIO-1-1536x1536.jpg 1536w, https:\/\/okdesign.biz\/wp-content\/uploads\/2021\/06\/ELINAULVIO-1-600x600.jpg 600w, https:\/\/okdesign.biz\/wp-content\/uploads\/2021\/06\/ELINAULVIO-1-900x900.jpg 900w, https:\/\/okdesign.biz\/wp-content\/uploads\/2021\/06\/ELINAULVIO-1-100x100.jpg 100w, https:\/\/okdesign.biz\/wp-content\/uploads\/2021\/06\/ELINAULVIO-1.jpg 1867w\" sizes=\"auto, (max-width: 300px) 100vw, 300px\" \/><figcaption id=\"caption-attachment-5634\" class=\"wp-caption-text\">Dise\u00f1adora: Elina Ulvio<\/figcaption><\/figure>\n","protected":false},"excerpt":{"rendered":"<style type=\"text\/css\">form.cart {display:none;}<\/style>\n<p><a href=\"https:\/\/www.dyh.com\/products\/point-chair\" class=\"btn btn-primary\">Comprar en DYH.com<\/a><\/p>\n<p>La silla Point es una silla de comedor de exterior sencilla y moderna. Combina con elegancia una silueta minimalista con formas geom\u00e9tricas, lo que la convierte en un complemento perfecto para cualquier espacio de comedor moderno y sofisticado.<\/p>\n<p>Dise\u00f1ada por la talentosa dise\u00f1adora finlandesa Elina Ulvio, la silla Point complementa a la perfecci\u00f3n la <a href=\"https:\/\/okdesign.biz\/product\/point-table\/\">mesa Point<\/a> a juego. Fabricada en metal con recubrimiento en polvo, esta silla es apta tanto para interiores como para exteriores, lo que la convierte en una opci\u00f3n vers\u00e1til para cualquier entorno.<\/p>\n<p>La Silla Point est\u00e1 disponible en tres asombrosas variaciones de color, que le permiten seleccionar el tono perfecto para adaptarse a su gusto personal y a su decoraci\u00f3n.<\/p>\n<p>Fabricado en la UE en condiciones justas.<\/p>\n","protected":false},"featured_media":18869,"template":"","meta":{"om_disable_all_campaigns":false},"product_brand":[],"product_cat":[424,445,298],"product_tag":[502],"class_list":{"0":"post-22296","1":"product","2":"type-product","3":"status-publish","4":"has-post-thumbnail","6":"product_cat-sillas","7":"product_cat-sillas-de-comedor","8":"product_cat-todos-los-productos","9":"product_tag-serie-point-es","11":"first","12":"instock","13":"taxable","14":"shipping-taxable","15":"purchasable","16":"product-type-variable"},"aioseo_notices":[],"_links":{"self":[{"href":"https:\/\/okdesign.biz\/es\/wp-json\/wp\/v2\/product\/22296","targetHints":{"allow":["GET"]}}],"collection":[{"href":"https:\/\/okdesign.biz\/es\/wp-json\/wp\/v2\/product"}],"about":[{"href":"https:\/\/okdesign.biz\/es\/wp-json\/wp\/v2\/types\/product"}],"wp:featuredmedia":[{"embeddable":true,"href":"https:\/\/okdesign.biz\/es\/wp-json\/wp\/v2\/media\/18869"}],"wp:attachment":[{"href":"https:\/\/okdesign.biz\/es\/wp-json\/wp\/v2\/media?parent=22296"}],"wp:term":[{"taxonomy":"product_brand","embeddable":true,"href":"https:\/\/okdesign.biz\/es\/wp-json\/wp\/v2\/product_brand?post=22296"},{"taxonomy":"product_cat","embeddable":true,"href":"https:\/\/okdesign.biz\/es\/wp-json\/wp\/v2\/product_cat?post=22296"},{"taxonomy":"product_tag","embeddable":true,"href":"https:\/\/okdesign.biz\/es\/wp-json\/wp\/v2\/product_tag?post=22296"}],"curies":[{"name":"wp","href":"https:\/\/api.w.org\/{rel}","templated":true}]}}