{"id":21911,"date":"2021-04-27T08:43:07","date_gmt":"2021-04-27T06:43:07","guid":{"rendered":"https:\/\/okdesign.biz\/product\/silla-condesa\/"},"modified":"2025-03-26T16:36:29","modified_gmt":"2025-03-26T15:36:29","slug":"condesachair","status":"publish","type":"product","link":"https:\/\/okdesign.biz\/es\/product\/condesachair\/","title":{"rendered":"Silla Condesa"},"content":{"rendered":"<p>\u00a0<\/p>\n<figure id=\"attachment_5630\" aria-describedby=\"caption-attachment-5630\" style=\"width: 300px\" class=\"wp-caption alignnone\"><img loading=\"lazy\" decoding=\"async\" class=\"wp-image-5630\" src=\"https:\/\/okdesign.biz\/wp-content\/uploads\/2021\/06\/Jacob-and-Kirsten-1-1.jpg\" alt=\"\" width=\"300\" height=\"300\"><figcaption id=\"caption-attachment-5630\" class=\"wp-caption-text\">Dise\u00f1adores: Kirsten Krogh & Jacob Fasting<\/figcaption><\/figure>\n","protected":false},"excerpt":{"rendered":"<style type=\"text\/css\">form.cart {display:none;}<\/style>\n<p><a href=\"https:\/\/www.dyh.com\/products\/condesa-chair-1\" class=\"btn btn-primary\">Comprar en DYH.com<\/a><\/p>\n<p>La silla Condesa toma su nombre del elegante y decadente barrio de Ciudad de M\u00e9xico llamado \u00abLa Condesa\u00bb. Su sofisticada forma redonda le confiere un aspecto cl\u00e1sico de los a\u00f1os 60 y la posici\u00f3n de sentado es m\u00e1s erguida, lo que muchos prefieren.<\/p>\n<p>Esta silla moderna y minimalista puede utilizarse en distintos ambientes, desde el comedor o el sal\u00f3n hasta el jard\u00edn o el dormitorio.<\/p>\n<p>La silla Condesa est\u00e1 fabricada en metal con recubrimiento en polvo y excelente filtrado UV, cuerda de PVC, libre de ftalatos y metales pesados. El cord\u00f3n es flexible y permite una excelente comodidad de asiento cuando se utiliza y luego vuelve a su posici\u00f3n original. Puede combinarse con el <a href=\"https:\/\/okdesign.biz\/product\/acapulco-and-condesa-cushion\/\">coj\u00edn Acapulco y el coj\u00edn Condesa<\/a> para una mayor comodidad de asiento. La silla viene con <a href=\"https:\/\/okdesign.biz\/product\/rubber-glides-and-felt-pads\/\">almohadillas protectoras de fieltro<\/a> para uso interior y deslizadores de goma para uso exterior. Adecuado tanto para interiores como para exteriores.<\/p>\n<p>Fabricado en la UE en condiciones justas.<\/p>\n","protected":false},"featured_media":18841,"template":"","meta":{"om_disable_all_campaigns":false},"product_brand":[],"product_cat":[368,426,424,298,425],"product_tag":[428],"class_list":{"0":"post-21911","1":"product","2":"type-product","3":"status-publish","4":"has-post-thumbnail","6":"product_cat-imprescindibles","7":"product_cat-serie-acapulco-es","8":"product_cat-sillas","9":"product_cat-todos-los-productos","10":"product_cat-tumbonas","11":"product_tag-serie-de-cuerdas","12":"product_shipping_class-silla-acapulco-y-condesa","14":"first","15":"instock","16":"taxable","17":"shipping-taxable","18":"purchasable","19":"product-type-variable"},"aioseo_notices":[],"_links":{"self":[{"href":"https:\/\/okdesign.biz\/es\/wp-json\/wp\/v2\/product\/21911","targetHints":{"allow":["GET"]}}],"collection":[{"href":"https:\/\/okdesign.biz\/es\/wp-json\/wp\/v2\/product"}],"about":[{"href":"https:\/\/okdesign.biz\/es\/wp-json\/wp\/v2\/types\/product"}],"wp:featuredmedia":[{"embeddable":true,"href":"https:\/\/okdesign.biz\/es\/wp-json\/wp\/v2\/media\/18841"}],"wp:attachment":[{"href":"https:\/\/okdesign.biz\/es\/wp-json\/wp\/v2\/media?parent=21911"}],"wp:term":[{"taxonomy":"product_brand","embeddable":true,"href":"https:\/\/okdesign.biz\/es\/wp-json\/wp\/v2\/product_brand?post=21911"},{"taxonomy":"product_cat","embeddable":true,"href":"https:\/\/okdesign.biz\/es\/wp-json\/wp\/v2\/product_cat?post=21911"},{"taxonomy":"product_tag","embeddable":true,"href":"https:\/\/okdesign.biz\/es\/wp-json\/wp\/v2\/product_tag?post=21911"}],"curies":[{"name":"wp","href":"https:\/\/api.w.org\/{rel}","templated":true}]}}