{"id":21861,"date":"2021-05-01T21:44:51","date_gmt":"2021-05-01T19:44:51","guid":{"rendered":"https:\/\/okdesign.biz\/product\/mesa-arc\/"},"modified":"2025-03-26T16:46:26","modified_gmt":"2025-03-26T15:46:26","slug":"arco-tabla","status":"publish","type":"product","link":"https:\/\/okdesign.biz\/es\/product\/arco-tabla\/","title":{"rendered":"Mesa Arc"},"content":{"rendered":"<figure id=\"attachment_5635\" aria-describedby=\"caption-attachment-5635\" style=\"width: 300px\" class=\"wp-caption alignnone\"><img loading=\"lazy\" decoding=\"async\" class=\"wp-image-5635 size-medium\" src=\"https:\/\/okdesign.biz\/wp-content\/uploads\/2021\/06\/Derya-Arpac-300x300.png\" alt=\"\" width=\"300\" height=\"300\" srcset=\"https:\/\/okdesign.biz\/wp-content\/uploads\/2021\/06\/Derya-Arpac-300x300.png 300w, https:\/\/okdesign.biz\/wp-content\/uploads\/2021\/06\/Derya-Arpac-150x150.png 150w, https:\/\/okdesign.biz\/wp-content\/uploads\/2021\/06\/Derya-Arpac-768x768.png 768w, https:\/\/okdesign.biz\/wp-content\/uploads\/2021\/06\/Derya-Arpac-600x600.png 600w, https:\/\/okdesign.biz\/wp-content\/uploads\/2021\/06\/Derya-Arpac-900x900.png 900w, https:\/\/okdesign.biz\/wp-content\/uploads\/2021\/06\/Derya-Arpac-100x100.png 100w, https:\/\/okdesign.biz\/wp-content\/uploads\/2021\/06\/Derya-Arpac.png 1000w\" sizes=\"auto, (max-width: 300px) 100vw, 300px\" \/><figcaption id=\"caption-attachment-5635\" class=\"wp-caption-text\">Dise\u00f1ador: Derya Arpac, Turqu\u00eda<\/figcaption><\/figure>\n<p>\u00a0<\/p>\n","protected":false},"excerpt":{"rendered":"<style type=\"text\/css\">form.cart {display:none;}<\/style>\n<p><a class=\"btn btn-primary\" href=\"https:\/\/www.dyh.com\/products\/arc-side-table\">Comprar en DYH.com<\/a><\/p>\n<p>Arc Table es una elegante mesa auxiliar que a\u00f1ade un toque de sofisticaci\u00f3n a cualquier habitaci\u00f3n. Esta mesa est\u00e1 fabricada en metal con recubrimiento en polvo de alta calidad con un resistente recubrimiento en polvo mate que garantiza su durabilidad y longevidad.<\/p>\n<p>La mesa Arc presenta dos semic\u00edrculos que sujetan el tablero, creando un dise\u00f1o \u00fanico y visualmente llamativo. Los arcos se doblan en peque\u00f1as secciones, creando un bello patr\u00f3n de l\u00e1minas verticales que contribuye al atractivo est\u00e9tico general de la mesa.<\/p>\n<p>Fabricado en la UE en condiciones justas.<\/p>\n<p>La mesa Arc tiene el tama\u00f1o perfecto para utilizarla como mesa auxiliar, lo que la convierte en un complemento vers\u00e1til para cualquier habitaci\u00f3n de su hogar. Tanto si la utiliza para exponer objetos decorativos como para sostener su taza de caf\u00e9 matutina o como un pr\u00e1ctico lugar para sus gafas de lectura, la mesa Arc le impresionar\u00e1.<\/p>\n<p>Pida el suyo hoy mismo y experimente la combinaci\u00f3n perfecta de forma y funcionalidad.<\/p>\n","protected":false},"featured_media":13625,"template":"","meta":{"om_disable_all_campaigns":false},"product_brand":[],"product_cat":[368,367,337,298],"product_tag":[369],"class_list":{"0":"post-21861","1":"product","2":"type-product","3":"status-publish","4":"has-post-thumbnail","6":"product_cat-imprescindibles","7":"product_cat-mesas-auxiliares","8":"product_cat-nuevo","9":"product_cat-todos-los-productos","10":"product_tag-organizacion","12":"first","13":"instock","14":"taxable","15":"shipping-taxable","16":"purchasable","17":"product-type-variable"},"aioseo_notices":[],"_links":{"self":[{"href":"https:\/\/okdesign.biz\/es\/wp-json\/wp\/v2\/product\/21861","targetHints":{"allow":["GET"]}}],"collection":[{"href":"https:\/\/okdesign.biz\/es\/wp-json\/wp\/v2\/product"}],"about":[{"href":"https:\/\/okdesign.biz\/es\/wp-json\/wp\/v2\/types\/product"}],"wp:featuredmedia":[{"embeddable":true,"href":"https:\/\/okdesign.biz\/es\/wp-json\/wp\/v2\/media\/13625"}],"wp:attachment":[{"href":"https:\/\/okdesign.biz\/es\/wp-json\/wp\/v2\/media?parent=21861"}],"wp:term":[{"taxonomy":"product_brand","embeddable":true,"href":"https:\/\/okdesign.biz\/es\/wp-json\/wp\/v2\/product_brand?post=21861"},{"taxonomy":"product_cat","embeddable":true,"href":"https:\/\/okdesign.biz\/es\/wp-json\/wp\/v2\/product_cat?post=21861"},{"taxonomy":"product_tag","embeddable":true,"href":"https:\/\/okdesign.biz\/es\/wp-json\/wp\/v2\/product_tag?post=21861"}],"curies":[{"name":"wp","href":"https:\/\/api.w.org\/{rel}","templated":true}]}}