{"id":21847,"date":"2021-04-15T08:32:20","date_gmt":"2021-04-15T06:32:20","guid":{"rendered":"https:\/\/okdesign.biz\/product\/mesa-baja-confetti\/"},"modified":"2025-03-26T16:37:42","modified_gmt":"2025-03-26T15:37:42","slug":"confeti-mesa-cafe","status":"publish","type":"product","link":"https:\/\/okdesign.biz\/es\/product\/confeti-mesa-cafe\/","title":{"rendered":"Mesa baja Confetti"},"content":{"rendered":"<p>\u00a0<\/p>\n<figure id=\"attachment_5630\" aria-describedby=\"caption-attachment-5630\" style=\"width: 300px\" class=\"wp-caption alignnone\"><img loading=\"lazy\" decoding=\"async\" class=\"wp-image-5630\" src=\"https:\/\/okdesign.biz\/wp-content\/uploads\/2021\/06\/Jacob-and-Kirsten-1-1.jpg\" alt=\"\" width=\"300\" height=\"300\"><figcaption id=\"caption-attachment-5630\" class=\"wp-caption-text\">Dise\u00f1adores: Kirsten Krogh Jacob Ayuno<\/figcaption><\/figure>\n","protected":false},"excerpt":{"rendered":"<style type=\"text\/css\">form.cart {display:none;}<\/style>\n<p><a href=\"https:\/\/www.dyh.com\/products\/confetti-coffee-table\" class=\"btn btn-primary\">Comprar en DYH.com<\/a><\/p>\n<p>La mesa de centro Confetti es un mueble de bella factura y un complemento perfecto para cualquier espacio. Esta mesa de centro combina un tablero de terrazo veneciano con una estructura de acero con recubrimiento en polvo que la hace resistente y muy duradera.<\/p>\n<p>La mesa de centro Confetti tambi\u00e9n cuenta con un funcional estante circular debajo para almacenaje. Este dise\u00f1o \u00fanico le permite tener a mano todos sus objetos esenciales y, al mismo tiempo, mantener su espacio vital organizado y libre de desorden.<\/p>\n<p>Fabricado en la UE en condiciones justas.<\/p>\n<p>Pida el suyo hoy mismo y experimente la combinaci\u00f3n perfecta de estilo y funcionalidad.<\/p>\n<p><a href=\"https:\/\/okdesign.biz\/wp-content\/uploads\/2021\/05\/Confetti_maintenance-guide-nov.2016.pdf\">Lea nuestra gu\u00eda de mantenimiento del terrazo.  <\/a><\/p>\n","protected":false},"featured_media":19221,"template":"","meta":{"om_disable_all_campaigns":false},"product_brand":[],"product_cat":[302,298],"product_tag":[306],"class_list":{"0":"post-21847","1":"product","2":"type-product","3":"status-publish","4":"has-post-thumbnail","6":"product_cat-tablas","7":"product_cat-todos-los-productos","8":"product_tag-confeti","10":"first","11":"instock","12":"taxable","13":"shipping-taxable","14":"purchasable","15":"product-type-simple"},"aioseo_notices":[],"_links":{"self":[{"href":"https:\/\/okdesign.biz\/es\/wp-json\/wp\/v2\/product\/21847","targetHints":{"allow":["GET"]}}],"collection":[{"href":"https:\/\/okdesign.biz\/es\/wp-json\/wp\/v2\/product"}],"about":[{"href":"https:\/\/okdesign.biz\/es\/wp-json\/wp\/v2\/types\/product"}],"wp:featuredmedia":[{"embeddable":true,"href":"https:\/\/okdesign.biz\/es\/wp-json\/wp\/v2\/media\/19221"}],"wp:attachment":[{"href":"https:\/\/okdesign.biz\/es\/wp-json\/wp\/v2\/media?parent=21847"}],"wp:term":[{"taxonomy":"product_brand","embeddable":true,"href":"https:\/\/okdesign.biz\/es\/wp-json\/wp\/v2\/product_brand?post=21847"},{"taxonomy":"product_cat","embeddable":true,"href":"https:\/\/okdesign.biz\/es\/wp-json\/wp\/v2\/product_cat?post=21847"},{"taxonomy":"product_tag","embeddable":true,"href":"https:\/\/okdesign.biz\/es\/wp-json\/wp\/v2\/product_tag?post=21847"}],"curies":[{"name":"wp","href":"https:\/\/api.w.org\/{rel}","templated":true}]}}