{"id":21488,"date":"2021-05-04T12:44:24","date_gmt":"2021-05-04T10:44:24","guid":{"rendered":"https:\/\/okdesign.biz\/profesionales\/"},"modified":"2023-05-30T12:42:11","modified_gmt":"2023-05-30T10:42:11","slug":"profesionales","status":"publish","type":"page","link":"https:\/\/okdesign.biz\/es\/profesionales\/","title":{"rendered":"PROFESIONALES"},"content":{"rendered":"<section class=\"wpb-content-wrapper\">[vc_row css=\u00bb.vc_custom_1622806371579{margin-bottom: -40px !important;}\u00bb][vc_column][vc_row_inner][vc_column_inner offset=\u00bbvc_hidden-lg vc_hidden-md\u00bb][vc_column_text]\u00a0[\/vc_column_text][vc_column_text]\n<h6 style=\"text-align: center;\"><span style=\"color: #bfd9cf;\">PRENSA<\/span><\/h6>\n<h4 style=\"text-align: center;\">Encuentre las im\u00e1genes perfectas para su sitio web o redes sociales<\/h4>\n[\/vc_column_text][\/vc_column_inner][\/vc_row_inner][vc_row_inner][vc_column_inner offset=\u00bbvc_hidden-sm vc_hidden-xs\u00bb][vc_column_text]\n[\/vc_column_text][vc_column_text]\n<h6 style=\"text-align: center;\"><span style=\"color: #bfd9cf;\">PRENSA<\/span><\/h6>\n<h1 style=\"text-align: center;\">Encuentre las im\u00e1genes perfectas para su sitio web o redes sociales<\/h1>\n[\/vc_column_text][vc_column_text][\/vc_column_text][vc_empty_space][\/vc_column_inner][\/vc_row_inner][\/vc_column][\/vc_row][vc_row css=\u00bb.vc_custom_1622806324197{padding-bottom: 40px !important;}\u00bb][vc_column][vc_row_inner][vc_column_inner offset=\u00bbvc_col-md-4 vc_hidden-sm vc_hidden-xs\u00bb]\r\n\t\t<div class=\"et-banner-6a06d8f995f63 et-banner content-full  image-type-fluid text-color-dark hover-effect hover-zoom \"><a href=\"https:\/\/okdesign.biz\/product-images\/\" class=\"et-banner-link et-banner-link-full\"><img loading=\"lazy\" decoding=\"async\" width=\"776\" height=\"1278\" src=\"https:\/\/okdesign.biz\/wp-content\/uploads\/2021\/04\/Untitled-32-scaled-e1620132358857.jpg\" class=\"et-banner-main-image\" alt=\"Acapulco Chair\" sizes=\"auto, (max-width: 776px) 100vw, 776px\" srcset=\"https:\/\/okdesign.biz\/wp-content\/uploads\/2021\/04\/Untitled-32-scaled-e1620132358857.jpg 776w, https:\/\/okdesign.biz\/wp-content\/uploads\/2021\/04\/Untitled-32-scaled-e1620132358857-182x300.jpg 182w, https:\/\/okdesign.biz\/wp-content\/uploads\/2021\/04\/Untitled-32-scaled-e1620132358857-622x1024.jpg 622w, https:\/\/okdesign.biz\/wp-content\/uploads\/2021\/04\/Untitled-32-scaled-e1620132358857-768x1265.jpg 768w, https:\/\/okdesign.biz\/wp-content\/uploads\/2021\/04\/Untitled-32-scaled-e1620132358857-91x150.jpg 91w, https:\/\/okdesign.biz\/wp-content\/uploads\/2021\/04\/Untitled-32-scaled-e1620132358857-600x988.jpg 600w\" \/>\r\n\t\t\t<div class=\"et-banner-content\">\r\n\t\t\t\t<div class=\"et-banner-content-inner container\">\r\n\t\t\t\t\t<div class=\"et-banner-text h_left v_top align_left\">\r\n\t\t\t\t\t\t<div class=\"et-banner-text-inner\"><h4 class=\"et-banner-subtitle  color- text_style\">im\u00e1genes de productos<\/h4><\/div>\r\n\t\t\t\t\t<\/div>\r\n\t\t\t\t<\/div>\r\n\t\t\t<\/div><\/a>\r\n\t\t<\/div>[\/vc_column_inner][vc_column_inner offset=\u00bbvc_col-md-4 vc_hidden-sm vc_hidden-xs\u00bb]\r\n\t\t<div class=\"et-banner-6a06d8f996ab0 et-banner content-full  image-type-fluid text-color-dark hover-effect hover-zoom \"><a href=\"https:\/\/okdesign.biz\/wp-content\/uploads\/2021\/05\/OK-Design_Catalog2021.pdf\" class=\"et-banner-link et-banner-link-full\"><img loading=\"lazy\" decoding=\"async\" width=\"774\" height=\"1280\" src=\"https:\/\/okdesign.biz\/wp-content\/uploads\/2021\/05\/ghjklae-scaled-e1621603559778.jpg\" class=\"et-banner-main-image\" alt=\"Pendulum Cibele\" sizes=\"auto, (max-width: 774px) 100vw, 774px\" srcset=\"https:\/\/okdesign.biz\/wp-content\/uploads\/2021\/05\/ghjklae-scaled-e1621603559778.jpg 774w, https:\/\/okdesign.biz\/wp-content\/uploads\/2021\/05\/ghjklae-scaled-e1621603559778-181x300.jpg 181w, https:\/\/okdesign.biz\/wp-content\/uploads\/2021\/05\/ghjklae-scaled-e1621603559778-619x1024.jpg 619w, https:\/\/okdesign.biz\/wp-content\/uploads\/2021\/05\/ghjklae-scaled-e1621603559778-768x1270.jpg 768w, https:\/\/okdesign.biz\/wp-content\/uploads\/2021\/05\/ghjklae-scaled-e1621603559778-91x150.jpg 91w, https:\/\/okdesign.biz\/wp-content\/uploads\/2021\/05\/ghjklae-scaled-e1621603559778-600x992.jpg 600w\" \/>\r\n\t\t\t<div class=\"et-banner-content\">\r\n\t\t\t\t<div class=\"et-banner-content-inner container\">\r\n\t\t\t\t\t<div class=\"et-banner-text h_right v_top align_right\">\r\n\t\t\t\t\t\t<div class=\"et-banner-text-inner animated\" data-animate=\"et-fadeInRight\"><h4 class=\"et-banner-subtitle  color- text_style\">Cat\u00e1logo<\/h4><\/div>\r\n\t\t\t\t\t<\/div>\r\n\t\t\t\t<\/div>\r\n\t\t\t<\/div><\/a>\r\n\t\t<\/div>[\/vc_column_inner][vc_column_inner offset=\u00bbvc_col-md-4 vc_hidden-sm vc_hidden-xs\u00bb]\r\n\t\t<div class=\"et-banner-6a06d8f997349 et-banner content-full  image-type-fluid text-color-dark hover-effect hover-zoom \"><a href=\"https:\/\/okdesign.biz\/blog\/\" class=\"et-banner-link et-banner-link-full\"><img loading=\"lazy\" decoding=\"async\" width=\"774\" height=\"1280\" src=\"https:\/\/okdesign.biz\/wp-content\/uploads\/2021\/05\/Untitled-54552-2-scaled-e1621603345950.jpg\" class=\"et-banner-main-image\" alt=\"Point Chair\" sizes=\"auto, (max-width: 774px) 100vw, 774px\" srcset=\"https:\/\/okdesign.biz\/wp-content\/uploads\/2021\/05\/Untitled-54552-2-scaled-e1621603345950.jpg 774w, https:\/\/okdesign.biz\/wp-content\/uploads\/2021\/05\/Untitled-54552-2-scaled-e1621603345950-181x300.jpg 181w, https:\/\/okdesign.biz\/wp-content\/uploads\/2021\/05\/Untitled-54552-2-scaled-e1621603345950-619x1024.jpg 619w, https:\/\/okdesign.biz\/wp-content\/uploads\/2021\/05\/Untitled-54552-2-scaled-e1621603345950-768x1270.jpg 768w, https:\/\/okdesign.biz\/wp-content\/uploads\/2021\/05\/Untitled-54552-2-scaled-e1621603345950-91x150.jpg 91w, https:\/\/okdesign.biz\/wp-content\/uploads\/2021\/05\/Untitled-54552-2-scaled-e1621603345950-600x992.jpg 600w\" \/>\r\n\t\t\t<div class=\"et-banner-content\">\r\n\t\t\t\t<div class=\"et-banner-content-inner container\">\r\n\t\t\t\t\t<div class=\"et-banner-text h_left v_top align_left\">\r\n\t\t\t\t\t\t<div class=\"et-banner-text-inner animated\" data-animate=\"et-fadeInUp\"><h4 class=\"et-banner-subtitle  color- text_style\">Blog<\/h4><\/div>\r\n\t\t\t\t\t<\/div>\r\n\t\t\t\t<\/div>\r\n\t\t\t<\/div><\/a>\r\n\t\t<\/div>[\/vc_column_inner][\/vc_row_inner][vc_row_inner][vc_column_inner width=\u00bb1\/6\u2033 offset=\u00bbvc_hidden-lg vc_col-md-4 vc_hidden-md\u00bb]\r\n\t\t<div class=\"et-banner-6a06d8f997cca et-banner content-full  image-type-fluid text-color-dark hover-effect hover-zoom \"><a href=\"https:\/\/okdesign.biz\/product-images\/\" class=\"et-banner-link et-banner-link-full\"><img loading=\"lazy\" decoding=\"async\" width=\"1792\" height=\"1280\" src=\"https:\/\/okdesign.biz\/wp-content\/uploads\/2021\/05\/Untitled-32-scaled-e1622446013988.jpg\" class=\"et-banner-main-image\" alt=\"Condesa Chair\" sizes=\"auto, (max-width: 1792px) 100vw, 1792px\" srcset=\"https:\/\/okdesign.biz\/wp-content\/uploads\/2021\/05\/Untitled-32-scaled-e1622446013988.jpg 1792w, https:\/\/okdesign.biz\/wp-content\/uploads\/2021\/05\/Untitled-32-scaled-e1622446013988-300x214.jpg 300w, https:\/\/okdesign.biz\/wp-content\/uploads\/2021\/05\/Untitled-32-scaled-e1622446013988-1024x731.jpg 1024w, https:\/\/okdesign.biz\/wp-content\/uploads\/2021\/05\/Untitled-32-scaled-e1622446013988-768x549.jpg 768w, https:\/\/okdesign.biz\/wp-content\/uploads\/2021\/05\/Untitled-32-scaled-e1622446013988-1536x1097.jpg 1536w, https:\/\/okdesign.biz\/wp-content\/uploads\/2021\/05\/Untitled-32-scaled-e1622446013988-150x107.jpg 150w, https:\/\/okdesign.biz\/wp-content\/uploads\/2021\/05\/Untitled-32-scaled-e1622446013988-600x429.jpg 600w, https:\/\/okdesign.biz\/wp-content\/uploads\/2021\/05\/Untitled-32-scaled-e1622446013988-900x643.jpg 900w\" \/>\r\n\t\t\t<div class=\"et-banner-content\">\r\n\t\t\t\t<div class=\"et-banner-content-inner container\">\r\n\t\t\t\t\t<div class=\"et-banner-text h_left v_top align_left\">\r\n\t\t\t\t\t\t<div class=\"et-banner-text-inner\"><h4 class=\"et-banner-subtitle  color- text_style\">im\u00e1genes de productos<\/h4><\/div>\r\n\t\t\t\t\t<\/div>\r\n\t\t\t\t<\/div>\r\n\t\t\t<\/div><\/a>\r\n\t\t<\/div>\r\n\t\t<div class=\"et-banner-6a06d8f998293 et-banner content-full  image-type-fluid text-color-dark hover-effect hover-zoom \"><a href=\"https:\/\/okdesign.biz\/product-images\/\" class=\"et-banner-link et-banner-link-full\"><img loading=\"lazy\" decoding=\"async\" width=\"1792\" height=\"1280\" src=\"https:\/\/okdesign.biz\/wp-content\/uploads\/2021\/05\/Untitled-32-scaled-e1622446013988.jpg\" class=\"et-banner-main-image\" alt=\"Condesa Chair\" sizes=\"auto, (max-width: 1792px) 100vw, 1792px\" srcset=\"https:\/\/okdesign.biz\/wp-content\/uploads\/2021\/05\/Untitled-32-scaled-e1622446013988.jpg 1792w, https:\/\/okdesign.biz\/wp-content\/uploads\/2021\/05\/Untitled-32-scaled-e1622446013988-300x214.jpg 300w, https:\/\/okdesign.biz\/wp-content\/uploads\/2021\/05\/Untitled-32-scaled-e1622446013988-1024x731.jpg 1024w, https:\/\/okdesign.biz\/wp-content\/uploads\/2021\/05\/Untitled-32-scaled-e1622446013988-768x549.jpg 768w, https:\/\/okdesign.biz\/wp-content\/uploads\/2021\/05\/Untitled-32-scaled-e1622446013988-1536x1097.jpg 1536w, https:\/\/okdesign.biz\/wp-content\/uploads\/2021\/05\/Untitled-32-scaled-e1622446013988-150x107.jpg 150w, https:\/\/okdesign.biz\/wp-content\/uploads\/2021\/05\/Untitled-32-scaled-e1622446013988-600x429.jpg 600w, https:\/\/okdesign.biz\/wp-content\/uploads\/2021\/05\/Untitled-32-scaled-e1622446013988-900x643.jpg 900w\" \/>\r\n\t\t\t<div class=\"et-banner-content\">\r\n\t\t\t\t<div class=\"et-banner-content-inner container\">\r\n\t\t\t\t\t<div class=\"et-banner-text h_left v_top align_left\">\r\n\t\t\t\t\t\t<div class=\"et-banner-text-inner\"><h4 class=\"et-banner-subtitle  color- text_style\">im\u00e1genes de productos<\/h4><\/div>\r\n\t\t\t\t\t<\/div>\r\n\t\t\t\t<\/div>\r\n\t\t\t<\/div><\/a>\r\n\t\t<\/div>[\/vc_column_inner][vc_column_inner width=\u00bb1\/6\u2033][vc_column_text][\/vc_column_text][\/vc_column_inner][vc_column_inner width=\u00bb1\/6\u2033 offset=\u00bbvc_hidden-lg vc_col-md-4 vc_hidden-md\u00bb]\r\n\t\t<div class=\"et-banner-6a06d8f998319 et-banner content-full  image-type-fluid text-color-dark hover-effect hover-zoom \"><a href=\"https:\/\/okdesign.biz\/wp-content\/uploads\/2021\/05\/OK-Design_Catalog2021.pdf\" class=\"et-banner-link et-banner-link-full\"><img loading=\"lazy\" decoding=\"async\" width=\"1574\" height=\"1126\" src=\"https:\/\/okdesign.biz\/wp-content\/uploads\/2021\/05\/pinklife-scaled-e1622443847102.jpg\" class=\"et-banner-main-image\" alt=\"Pendulum Cibele\" sizes=\"auto, (max-width: 1574px) 100vw, 1574px\" srcset=\"https:\/\/okdesign.biz\/wp-content\/uploads\/2021\/05\/pinklife-scaled-e1622443847102.jpg 1574w, https:\/\/okdesign.biz\/wp-content\/uploads\/2021\/05\/pinklife-scaled-e1622443847102-300x215.jpg 300w, https:\/\/okdesign.biz\/wp-content\/uploads\/2021\/05\/pinklife-scaled-e1622443847102-1024x733.jpg 1024w, https:\/\/okdesign.biz\/wp-content\/uploads\/2021\/05\/pinklife-scaled-e1622443847102-768x549.jpg 768w, https:\/\/okdesign.biz\/wp-content\/uploads\/2021\/05\/pinklife-scaled-e1622443847102-1536x1099.jpg 1536w, https:\/\/okdesign.biz\/wp-content\/uploads\/2021\/05\/pinklife-scaled-e1622443847102-150x107.jpg 150w, https:\/\/okdesign.biz\/wp-content\/uploads\/2021\/05\/pinklife-scaled-e1622443847102-600x429.jpg 600w, https:\/\/okdesign.biz\/wp-content\/uploads\/2021\/05\/pinklife-scaled-e1622443847102-900x644.jpg 900w\" \/>\r\n\t\t\t<div class=\"et-banner-content\">\r\n\t\t\t\t<div class=\"et-banner-content-inner container\">\r\n\t\t\t\t\t<div class=\"et-banner-text h_right v_top align_right\">\r\n\t\t\t\t\t\t<div class=\"et-banner-text-inner animated\" data-animate=\"et-fadeInRight\"><h4 class=\"et-banner-subtitle  color- text_style\">Cat\u00e1logo<\/h4><\/div>\r\n\t\t\t\t\t<\/div>\r\n\t\t\t\t<\/div>\r\n\t\t\t<\/div><\/a>\r\n\t\t<\/div>[\/vc_column_inner][vc_column_inner width=\u00bb1\/6\u2033][vc_column_text][\/vc_column_text][\/vc_column_inner][vc_column_inner width=\u00bb1\/6\u2033 offset=\u00bbvc_hidden-lg vc_col-md-4 vc_hidden-md\u00bb]\r\n\t\t<div class=\"et-banner-6a06d8f9989f7 et-banner content-full  image-type-fluid text-color-dark hover-effect hover-zoom \"><a href=\"https:\/\/okdesign.biz\/blog\/\" class=\"et-banner-link et-banner-link-full\"><img loading=\"lazy\" decoding=\"async\" width=\"1593\" height=\"1139\" src=\"https:\/\/okdesign.biz\/wp-content\/uploads\/2021\/05\/Untitled-54552-3-scaled-e1622443768461.jpg\" class=\"et-banner-main-image\" alt=\"Point Table\" sizes=\"auto, (max-width: 1593px) 100vw, 1593px\" srcset=\"https:\/\/okdesign.biz\/wp-content\/uploads\/2021\/05\/Untitled-54552-3-scaled-e1622443768461.jpg 1593w, https:\/\/okdesign.biz\/wp-content\/uploads\/2021\/05\/Untitled-54552-3-scaled-e1622443768461-300x215.jpg 300w, https:\/\/okdesign.biz\/wp-content\/uploads\/2021\/05\/Untitled-54552-3-scaled-e1622443768461-1024x732.jpg 1024w, https:\/\/okdesign.biz\/wp-content\/uploads\/2021\/05\/Untitled-54552-3-scaled-e1622443768461-768x549.jpg 768w, https:\/\/okdesign.biz\/wp-content\/uploads\/2021\/05\/Untitled-54552-3-scaled-e1622443768461-1536x1098.jpg 1536w, https:\/\/okdesign.biz\/wp-content\/uploads\/2021\/05\/Untitled-54552-3-scaled-e1622443768461-150x107.jpg 150w, https:\/\/okdesign.biz\/wp-content\/uploads\/2021\/05\/Untitled-54552-3-scaled-e1622443768461-600x429.jpg 600w, https:\/\/okdesign.biz\/wp-content\/uploads\/2021\/05\/Untitled-54552-3-scaled-e1622443768461-900x644.jpg 900w\" \/>\r\n\t\t\t<div class=\"et-banner-content\">\r\n\t\t\t\t<div class=\"et-banner-content-inner container\">\r\n\t\t\t\t\t<div class=\"et-banner-text h_left v_top align_left\">\r\n\t\t\t\t\t\t<div class=\"et-banner-text-inner animated\" data-animate=\"et-fadeInUp\"><h4 class=\"et-banner-subtitle  color- text_style\">Blog<\/h4><\/div>\r\n\t\t\t\t\t<\/div>\r\n\t\t\t\t<\/div>\r\n\t\t\t<\/div><\/a>\r\n\t\t<\/div>[\/vc_column_inner][vc_column_inner width=\u00bb1\/6\u2033][vc_column_text][\/vc_column_text][\/vc_column_inner][\/vc_row_inner][vc_row_inner][vc_column_inner offset=\u00bbvc_hidden-sm vc_hidden-xs\u00bb][vc_column_text]Aqu\u00ed puede descargar todo el material necesario para su negocio. Encuentre nuestro cat\u00e1logo y fotos de productos en alta resoluci\u00f3n y no olvide mantenerse al d\u00eda con nuestro blog. Todas las im\u00e1genes son propiedad de OK design y no deben utilizarse para uso personal. Son para uso exclusivo de nuestros clientes B to B y clientes finales. Tambi\u00e9n puede descargar nuestro cat\u00e1logo. No olvides consultar las \u00faltimas novedades de OK Design en nuestro blog.[\/vc_column_text][\/vc_column_inner][\/vc_row_inner][vc_row_inner][vc_column_inner offset=\u00bbvc_hidden-lg vc_hidden-md\u00bb][\/vc_column_inner][\/vc_row_inner][\/vc_column][\/vc_row][vc_row et_column_align=\u00bbalign-center\u00bb content_placement=\u00bbmiddle\u00bb][vc_column animation=\u00bbanimation bottom-to-top\u00bb css=\u00bb.vc_custom_1623052889261{padding-top: 60px !important;padding-right: 15% !important;padding-bottom: 40px !important;padding-left: 15% !important;background-color: #fcfada !important;}\u00bb offset=\u00bbvc_hidden-sm vc_hidden-xs\u00bb][vc_row_inner et_column_align=\u00bbalign-center\u00bb content_placement=\u00bbtop\u00bb][vc_column_inner offset=\u00bbvc_col-lg-8 vc_hidden-sm vc_hidden-xs\u00bb][vc_column_text]\n<h5 class=\"fancy-title accent-color\" style=\"text-align: center;\">Espacios conectados<\/h5>\n<h2 style=\"text-align: center;\">Encu\u00e9ntrenos en las redes sociales<\/h2>\n<p style=\"text-align: center;\">Estamos aqu\u00ed para ofrecerle un buen servicio al cliente e inspirarle con nuestros dise\u00f1os. S\u00edganos en las redes sociales para saber m\u00e1s sobre nuestros nuevos y apasionantes proyectos.<\/p>\n[\/vc_column_text][vc_empty_space height=\u00bb20px\u00bb][\/vc_column_inner][\/vc_row_inner][vc_row_inner et_column_align=\u00bbalign-center\u00bb content_placement=\u00bbtop\u00bb][vc_column_inner offset=\u00bbvc_hidden-sm vc_hidden-xs\u00bb]\t<div id=\"et-icon-holder-499\" class=\"et-icon-holder row center-true lg-block-grid-4 md-block-grid-2 block-grid-1 \">\n\t\t\r\n\t<div id=\"et-iconbox-285\" class=\"et-iconbox layout-centered icon-style-simple bottom-spacing-none icon-color- text-color- animation bottom-to-top \"> \r\n\t\t<div class=\"et-icon-inner\">\r\n\t\t\t\t\t\t\t<a href=\"https:\/\/www.facebook.com\/OKDesign.dk\" title=\"\">\r\n\t\t\t\t\t\t<figure class=\"et-feature-icon\">\r\n\t\t\t\t\t\t\t\t<span class=\"fab fa-facebook\"><\/span>\r\n\t\t\t\t\t\t\t<\/figure>\r\n\t\t\t\t\t\t\t<\/a>\r\n\t\t\t\t\t\t<div class=\"et-feature-content\"> \r\n\t\t\t\t\t\t\t\t\t<a href=\"https:\/\/www.facebook.com\/OKDesign.dk\" title=\"\">\r\n\t\t\t\t\t\t\t\t\t\t\t\t\t\t\t\t\t<h4 class=\"title\">Facebook<\/h4>\r\n\t\t\t\t\t\t\t\t\t\t\t\t\t<\/a>\r\n\t\t\t\t\t\t\t\t<div class=\"wpb_text_column\"><p>Consulte nuestras \u00faltimas publicaciones en Facebook.<\/p>\n<\/div>\r\n\t\t\t<\/div>\r\n\t\t<\/div>\r\n\t<\/div>\r\n\r\n\t\r\n\t<div id=\"et-iconbox-435\" class=\"et-iconbox layout-centered icon-style-simple bottom-spacing-none icon-color- text-color- animation bottom-to-top \"> \r\n\t\t<div class=\"et-icon-inner\">\r\n\t\t\t\t\t\t\t<a href=\"https:\/\/www.instagram.com\/okdesign_\/\" title=\"\">\r\n\t\t\t\t\t\t<figure class=\"et-feature-icon\">\r\n\t\t\t\t\t\t\t\t<span class=\"fab fa-instagram\"><\/span>\r\n\t\t\t\t\t\t\t<\/figure>\r\n\t\t\t\t\t\t\t<\/a>\r\n\t\t\t\t\t\t<div class=\"et-feature-content\"> \r\n\t\t\t\t\t\t\t\t\t<a href=\"https:\/\/www.instagram.com\/okdesign_\/\" title=\"\">\r\n\t\t\t\t\t\t\t\t\t\t\t\t\t\t\t\t\t<h4 class=\"title\">Instagram<\/h4>\r\n\t\t\t\t\t\t\t\t\t\t\t\t\t<\/a>\r\n\t\t\t\t\t\t\t\t<div class=\"wpb_text_column\"><p>Insp\u00edrate en nuestro feed de Instagram.<\/p>\n<\/div>\r\n\t\t\t<\/div>\r\n\t\t<\/div>\r\n\t<\/div>\r\n\r\n\t\r\n\t<div id=\"et-iconbox-581\" class=\"et-iconbox layout-centered icon-style-simple bottom-spacing-none icon-color- text-color- animation bottom-to-top \"> \r\n\t\t<div class=\"et-icon-inner\">\r\n\t\t\t\t\t\t\t<a href=\"https:\/\/www.pinterest.com\/okdesigndk\/_created\/\" title=\"\">\r\n\t\t\t\t\t\t<figure class=\"et-feature-icon\">\r\n\t\t\t\t\t\t\t\t<span class=\"fab fa-pinterest\"><\/span>\r\n\t\t\t\t\t\t\t<\/figure>\r\n\t\t\t\t\t\t\t<\/a>\r\n\t\t\t\t\t\t<div class=\"et-feature-content\"> \r\n\t\t\t\t\t\t\t\t\t<a href=\"https:\/\/www.pinterest.com\/okdesigndk\/_created\/\" title=\"\">\r\n\t\t\t\t\t\t\t\t\t\t\t\t\t\t\t\t\t<h4 class=\"title\">Pinterest<\/h4>\r\n\t\t\t\t\t\t\t\t\t\t\t\t\t<\/a>\r\n\t\t\t\t\t\t\t\t<div class=\"wpb_text_column\"><p>Anota tus dise\u00f1os favoritos.<\/p>\n<\/div>\r\n\t\t\t<\/div>\r\n\t\t<\/div>\r\n\t<\/div>\r\n\r\n\t\t<\/div>\n\t[\/vc_column_inner][\/vc_row_inner][\/vc_column][\/vc_row][vc_row][vc_column][vc_column_text][\/vc_column_text][\/vc_column][\/vc_row]\n<\/section>","protected":false},"excerpt":{"rendered":"<p>[vc_row css=\u00bb.vc_custom_1622806371579{margin-bottom: -40px !important;}\u00bb][vc_column][vc_row_inner][vc_column_inner offset=\u00bbvc_hidden-lg vc_hidden-md\u00bb][vc_column_text]\u00a0[\/vc_column_text][vc_column_text] PRENSA Encuentre las im\u00e1genes perfectas para su sitio web o redes sociales [\/vc_column_text][\/vc_column_inner][\/vc_row_inner][vc_row_inner][vc_column_inner offset=\u00bbvc_hidden-sm vc_hidden-xs\u00bb][vc_column_text] [\/vc_column_text][vc_column_text] PRENSA Encuentre las im\u00e1genes perfectas para su sitio web o redes sociales [\/vc_column_text][vc_column_text][\/vc_column_text][vc_empty_space][\/vc_column_inner][\/vc_row_inner][\/vc_column][\/vc_row][vc_row css=\u00bb.vc_custom_1622806324197{padding-bottom: 40px !important;}\u00bb][vc_column][vc_row_inner][vc_column_inner offset=\u00bbvc_col-md-4 vc_hidden-sm vc_hidden-xs\u00bb][\/vc_column_inner][vc_column_inner offset=\u00bbvc_col-md-4 vc_hidden-sm vc_hidden-xs\u00bb][\/vc_column_inner][vc_column_inner offset=\u00bbvc_col-md-4 vc_hidden-sm vc_hidden-xs\u00bb][\/vc_column_inner][\/vc_row_inner][vc_row_inner][vc_column_inner width=\u00bb1\/6\u2033 offset=\u00bbvc_hidden-lg vc_col-md-4 [&hellip;]<\/p>\n","protected":false},"author":1,"featured_media":0,"parent":0,"menu_order":0,"comment_status":"closed","ping_status":"closed","template":"","meta":{"om_disable_all_campaigns":false,"footnotes":""},"class_list":["post-21488","page","type-page","status-publish","hentry"],"aioseo_notices":[],"_links":{"self":[{"href":"https:\/\/okdesign.biz\/es\/wp-json\/wp\/v2\/pages\/21488","targetHints":{"allow":["GET"]}}],"collection":[{"href":"https:\/\/okdesign.biz\/es\/wp-json\/wp\/v2\/pages"}],"about":[{"href":"https:\/\/okdesign.biz\/es\/wp-json\/wp\/v2\/types\/page"}],"author":[{"embeddable":true,"href":"https:\/\/okdesign.biz\/es\/wp-json\/wp\/v2\/users\/1"}],"replies":[{"embeddable":true,"href":"https:\/\/okdesign.biz\/es\/wp-json\/wp\/v2\/comments?post=21488"}],"version-history":[{"count":1,"href":"https:\/\/okdesign.biz\/es\/wp-json\/wp\/v2\/pages\/21488\/revisions"}],"predecessor-version":[{"id":21511,"href":"https:\/\/okdesign.biz\/es\/wp-json\/wp\/v2\/pages\/21488\/revisions\/21511"}],"wp:attachment":[{"href":"https:\/\/okdesign.biz\/es\/wp-json\/wp\/v2\/media?parent=21488"}],"curies":[{"name":"wp","href":"https:\/\/api.w.org\/{rel}","templated":true}]}}