{"id":21295,"date":"2021-04-28T13:51:35","date_gmt":"2021-04-28T11:51:35","guid":{"rendered":"https:\/\/okdesign.biz\/contacte-con\/"},"modified":"2024-12-05T16:30:35","modified_gmt":"2024-12-05T15:30:35","slug":"contacte-con","status":"publish","type":"page","link":"https:\/\/okdesign.biz\/es\/contacte-con\/","title":{"rendered":"Contacte con"},"content":{"rendered":"<section class=\"wpb-content-wrapper\">[vc_row][vc_column][vc_column_text][\/vc_column_text][vc_row_inner][vc_column_inner][vc_column_text][\/vc_column_text][\/vc_column_inner][\/vc_row_inner][vc_row_inner][vc_column_inner][vc_column_text][\/vc_column_text][\/vc_column_inner][\/vc_row_inner][\/vc_column][\/vc_row][vc_row et_column_align=\u00bbalign-center\u00bb css=\u00bb.vc_custom_1622728524662{background-color: #ffffff !important;}\u00bb][vc_column animation=\u00bbanimation bottom-to-top\u00bb offset=\u00bbvc_col-lg-6 vc_hidden-sm vc_hidden-xs\u00bb][vc_row_inner][vc_column_inner][vc_column_text]\n<h1>P\u00f3ngase en contacto con nosotros<\/h1>\n[\/vc_column_text][vc_column_text el_class=\u00bbpreline-large\u00bb css=\u00bb.vc_custom_1667916478892{margin-top: 10px !important;}\u00bb]\n<h4>Nos encantar\u00eda conocer su opini\u00f3n.<\/h4>\n[\/vc_column_text][\/vc_column_inner][\/vc_row_inner][vc_row_inner et_column_align=\u00bbalign-center\u00bb][vc_column_inner animation=\u00bbanimation left-to-right\u00bb offset=\u00bbvc_hidden-sm vc_hidden-xs\u00bb][vc_single_image image=\u00bb23839\u2033 img_size=\u00bbmedium\u00bb alignment=\u00bbcenter\u00bb style=\u00bbvc_box_circle_2\u2033][\/vc_column_inner][\/vc_row_inner][\/vc_column][\/vc_row][vc_row et_column_align=\u00bbalign-center\u00bb css=\u00bb.vc_custom_1622450995052{background-color: #ffffff !important;}\u00bb][vc_column animation=\u00bbanimation bottom-to-top\u00bb offset=\u00bbvc_col-lg-6 vc_hidden-lg vc_hidden-md\u00bb][vc_row_inner][vc_column_inner][vc_column_text]\n<h4>P\u00f3ngase en contacto con nosotros<\/h4>\n[\/vc_column_text][vc_column_text el_class=\u00bbpreline-large\u00bb css=\u00bb.vc_custom_1667916426692{margin-top: 10px !important;}\u00bb]Nos encantar\u00eda conocer su opini\u00f3n.[\/vc_column_text][\/vc_column_inner][\/vc_row_inner][vc_row_inner et_column_align=\u00bbalign-center\u00bb][vc_column_inner animation=\u00bbanimation left-to-right\u00bb offset=\u00bbvc_hidden-lg vc_hidden-md\u00bb][vc_single_image image=\u00bb23839\u2033 img_size=\u00bbmedium\u00bb alignment=\u00bbcenter\u00bb style=\u00bbvc_box_circle_2\u2033][\/vc_column_inner][\/vc_row_inner][\/vc_column][\/vc_row][vc_row][vc_column animation=\u00bbanimation left-to-right\u00bb css=\u00bb.vc_custom_1622450789424{border-radius: 4px !important;}\u00bb offset=\u00bbvc_hidden-lg vc_col-md-offset-2 vc_col-md-4 vc_hidden-md\u00bb][vc_column_text css=\u00bb.vc_custom_1705572852225{padding-top: 10% !important;padding-right: 10% !important;padding-bottom: 10% !important;padding-left: 10% !important;background-color: #fcfada !important;border-radius: 3px !important;}\u00bb]\n<h4>P\u00f3ngase en contacto con nosotros<\/h4>\n<p>Uhlandstr. 165<br \/>\n10719 Berl\u00edn<br \/>\nAlemania<br \/>\nN\u00famero de IVA: DE354153434<br \/>\nTel\u00e9fono: +49 30 72621573 <\/p>\n<h4 class=\"uppercase\">Consultas sobre ventas<\/h4>\n<p><span id=\"cloakca2360da4bd1d24a338e83fc4a5d4a0e\"><a href=\"mailto:sales@okdesign.dk\">sales@okdesign.dk<\/a><\/span><\/p>\n<h4 class=\"uppercase\">Consultas generales<\/h4>\n<p><span id=\"cloak96bfd858646e5779392ac1200dffd1fa\"><a href=\"mailto:info@okdesign.dk\">info@okdesign.dk<\/a><\/span>[\/vc_column_text]<noscript class=\"ninja-forms-noscript-message\">\n\tAviso: Se requiere JavaScript para este contenido.<\/noscript>\n[\/vc_column][\/vc_row][vc_row css=\u00bb.vc_custom_1622451338238{padding-top: 30px !important;padding-bottom: 30px !important;}\u00bb][vc_column animation=\u00bbanimation left-to-right\u00bb css=\u00bb.vc_custom_1622450464398{padding-right: 20% !important;border-radius: 4px !important;}\u00bb offset=\u00bbvc_col-md-offset-2 vc_col-md-4 vc_hidden-sm vc_hidden-xs\u00bb][vc_column_text css=\u00bb.vc_custom_1705572879657{padding-top: 10% !important;padding-right: 10% !important;padding-bottom: 10% !important;padding-left: 10% !important;background-color: #fcfada !important;border-radius: 3px !important;}\u00bb]\n<h3>P\u00f3ngase en contacto con nosotros<\/h3>\n<p>Uhlandstr. 165<br \/>\n10719 Berl\u00edn<br \/>\nAlemania<br \/>\nN\u00famero de IVA: DE354153434<br \/>\nTel\u00e9fono: +49 30 72621573 <\/p>\n<h4 class=\"uppercase\">Consultas sobre ventas<\/h4>\n<p><span id=\"cloakca2360da4bd1d24a338e83fc4a5d4a0e\"><a href=\"mailto:sales@okdesign.dk\">sales@okdesign.dk<\/a><\/span><\/p>\n<h4 class=\"uppercase\">Consultas generales<\/h4>\n<p><span id=\"cloak96bfd858646e5779392ac1200dffd1fa\"><a href=\"mailto:info@okdesign.dk\">info@okdesign.dk<\/a><\/span>[\/vc_column_text][\/vc_column][vc_column animation=\u00bbanimation bottom-to-top\u00bb offset=\u00bbvc_col-md-5 vc_hidden-sm vc_hidden-xs\u00bb][vc_empty_space]<noscript class=\"ninja-forms-noscript-message\">\n\tAviso: Se requiere JavaScript para este contenido.<\/noscript>\n[\/vc_column][\/vc_row][vc_row et_full_width=\u00bbtrue\u00bb et_column_align=\u00bbalign-center\u00bb css=\u00bb.vc_custom_1622451389708{background-color: #fbf4ef !important;}\u00bb][vc_column offset=\u00bbvc_col-lg-6 vc_hidden-sm vc_hidden-xs\u00bb][vc_row_inner][vc_column_inner][vc_column_text][\/vc_column_text][\/vc_column_inner][\/vc_row_inner][vc_column_text]\n<h5 class=\"fancy-title\" style=\"text-align: center;\"><\/h5>\n<h2 style=\"text-align: center;\">Estamos listos, hablemos. P\u00f3ngase en contacto con nosotros para saber m\u00e1s o c\u00f3mo podemos ayudarle mejor.<\/h2>\n[\/vc_column_text][vc_column_text]\n<h5 class=\"fancy-title\" style=\"text-align: center;\"><\/h5>\n<h2 style=\"text-align: center;\"><\/h2>\n<p style=\"text-align: center;\">OK Design est\u00e1 representada por agentes en varios pa\u00edses. P\u00f3ngase en contacto con nosotros directamente para obtener informaci\u00f3n o si desea convertirse en agente de OK Design.<\/p>\n[\/vc_column_text][vc_row_inner][vc_column_inner][vc_column_text][\/vc_column_text][\/vc_column_inner][\/vc_row_inner][\/vc_column][\/vc_row][vc_row et_full_width=\u00bbtrue\u00bb et_column_align=\u00bbalign-center\u00bb css=\u00bb.vc_custom_1622451401309{background-color: #fbf4ef !important;}\u00bb][vc_column offset=\u00bbvc_col-lg-6 vc_hidden-lg vc_hidden-md\u00bb][vc_column_text]\n<h5 class=\"fancy-title\" style=\"text-align: center;\"><\/h5>\n<h4 style=\"text-align: center;\">Estamos listos, hablemos. P\u00f3ngase en contacto con nosotros para saber m\u00e1s o c\u00f3mo podemos ayudarle mejor.<\/h4>\n[\/vc_column_text][vc_column_text]\n<h5 class=\"fancy-title\" style=\"text-align: center;\"><\/h5>\n<h2 style=\"text-align: center;\"><\/h2>\n<p style=\"text-align: center;\">OK Design est\u00e1 representada por agentes en varios pa\u00edses. P\u00f3ngase en contacto con nosotros directamente para obtener informaci\u00f3n o si desea convertirse en agente de OK Design.<\/p>\n[\/vc_column_text][vc_separator][\/vc_column][\/vc_row][vc_row][vc_column][vc_column_text][\/vc_column_text][\/vc_column][\/vc_row][vc_row][vc_column][vc_column_text][\/vc_column_text][\/vc_column][\/vc_row][vc_row et_column_align=\u00bbalign-center\u00bb content_placement=\u00bbmiddle\u00bb][vc_column animation=\u00bbanimation bottom-to-top\u00bb css=\u00bb.vc_custom_1620722589702{padding-top: 60px !important;padding-right: 15% !important;padding-bottom: 40px !important;padding-left: 15% !important;background-color: #fcfada !important;}\u00bb][vc_row_inner et_column_align=\u00bbalign-center\u00bb content_placement=\u00bbtop\u00bb][vc_column_inner offset=\u00bbvc_col-lg-8 vc_hidden-sm vc_hidden-xs\u00bb][vc_column_text]\n<h5 class=\"fancy-title accent-color\" style=\"text-align: center;\">Espacios conectados<\/h5>\n<h2 style=\"text-align: center;\">Contacte con nosotros en las redes sociales<\/h2>\n<p style=\"text-align: center;\">Nos gusta conocer a nuestros clientes all\u00ed donde est\u00e1n. Por ello, estamos a su disposici\u00f3n para responder a sus preguntas a trav\u00e9s de las redes sociales.<\/p>\n[\/vc_column_text][vc_empty_space height=\u00bb20px\u00bb][\/vc_column_inner][\/vc_row_inner][vc_row_inner et_column_align=\u00bbalign-center\u00bb content_placement=\u00bbtop\u00bb][vc_column_inner offset=\u00bbvc_col-lg-8 vc_hidden-lg vc_hidden-md\u00bb][vc_column_text]\n<h5 class=\"fancy-title accent-color\" style=\"text-align: center;\">Espacios conectados<\/h5>\n<h4 style=\"text-align: center;\">Contacte con nosotros en las redes sociales<\/h4>\n<p style=\"text-align: center;\">Nos gusta conocer a nuestros clientes all\u00ed donde est\u00e1n. Por ello, estamos a su disposici\u00f3n para responder a sus preguntas a trav\u00e9s de las redes sociales.<\/p>\n[\/vc_column_text][vc_empty_space height=\u00bb20px\u00bb][\/vc_column_inner][\/vc_row_inner][vc_row_inner et_column_align=\u00bbalign-center\u00bb content_placement=\u00bbtop\u00bb][vc_column_inner]\t<div id=\"et-icon-holder-886\" class=\"et-icon-holder row center-true lg-block-grid-4 md-block-grid-2 block-grid-1 \">\n\t\t\r\n\t<div id=\"et-iconbox-991\" class=\"et-iconbox layout-centered icon-style-simple bottom-spacing-none icon-color- text-color- animation bottom-to-top \"> \r\n\t\t<div class=\"et-icon-inner\">\r\n\t\t\t\t\t\t<figure class=\"et-feature-icon\">\r\n\t\t\t\t\t\t\t\t<span class=\"fab fa-facebook\"><\/span>\r\n\t\t\t\t\t\t\t<\/figure>\r\n\t\t\t\t\t\t<div class=\"et-feature-content\"> \r\n\t\t\t\t\t\t\t\t\t\t\t\t\t\t\t\t\t<h4 class=\"title\">Facebook<\/h4>\r\n\t\t\t\t\t\t\t\t\t\t\t\t<div class=\"wpb_text_column\"><p><a href=\"https:\/\/www.facebook.com\/OKDesign.dk\">Encu\u00e9ntrenos en Facebook.<\/a><\/p>\n<\/div>\r\n\t\t\t<\/div>\r\n\t\t<\/div>\r\n\t<\/div>\r\n\r\n\t\r\n\t<div id=\"et-iconbox-805\" class=\"et-iconbox layout-centered icon-style-simple bottom-spacing-none icon-color- text-color- animation bottom-to-top \"> \r\n\t\t<div class=\"et-icon-inner\">\r\n\t\t\t\t\t\t<figure class=\"et-feature-icon\">\r\n\t\t\t\t\t\t\t\t<span class=\"fab fa-instagram\"><\/span>\r\n\t\t\t\t\t\t\t<\/figure>\r\n\t\t\t\t\t\t<div class=\"et-feature-content\"> \r\n\t\t\t\t\t\t\t\t\t\t\t\t\t\t\t\t\t<h4 class=\"title\">Instagram<\/h4>\r\n\t\t\t\t\t\t\t\t\t\t\t\t<div class=\"wpb_text_column\"><p><a href=\"https:\/\/www.instagram.com\/okdesign_\/\">Insp\u00edrate en nuestro feed de Instagram.<\/a><\/p>\n<\/div>\r\n\t\t\t<\/div>\r\n\t\t<\/div>\r\n\t<\/div>\r\n\r\n\t\r\n\t<div id=\"et-iconbox-549\" class=\"et-iconbox layout-centered icon-style-simple bottom-spacing-none icon-color- text-color- animation bottom-to-top \"> \r\n\t\t<div class=\"et-icon-inner\">\r\n\t\t\t\t\t\t<figure class=\"et-feature-icon\">\r\n\t\t\t\t\t\t\t\t<span class=\"fab fa-pinterest\"><\/span>\r\n\t\t\t\t\t\t\t<\/figure>\r\n\t\t\t\t\t\t<div class=\"et-feature-content\"> \r\n\t\t\t\t\t\t\t\t\t\t\t\t\t\t\t\t\t<h4 class=\"title\">Pinterest<\/h4>\r\n\t\t\t\t\t\t\t\t\t\t\t\t<div class=\"wpb_text_column\"><p><a href=\"https:\/\/www.pinterest.com\/okdesigndk\/_created\/\">Fija tus dise\u00f1os favoritos.<\/a><\/p>\n<\/div>\r\n\t\t\t<\/div>\r\n\t\t<\/div>\r\n\t<\/div>\r\n\r\n\t\t<\/div>\n\t[\/vc_column_inner][\/vc_row_inner][\/vc_column][\/vc_row][vc_row][vc_column][vc_column_text][\/vc_column_text][\/vc_column][\/vc_row][vc_row][vc_column][vc_column_text][\/vc_column_text][\/vc_column][\/vc_row][vc_row][vc_column offset=\u00bbvc_hidden-sm vc_hidden-xs\u00bb][vc_row_inner][vc_column_inner][vc_column_text]\n<h2 style=\"text-align: center;\">Imprescindibles<\/h2>\n[\/vc_column_text][\/vc_column_inner][\/vc_row_inner][\/vc_column][\/vc_row][vc_row][vc_column offset=\u00bbvc_hidden-lg vc_hidden-md\u00bb][vc_row_inner][vc_column_inner][vc_column_text]\n<h4 style=\"text-align: center;\">Imprescindibles<\/h4>\n[\/vc_column_text][\/vc_column_inner][\/vc_row_inner][\/vc_column][\/vc_row][vc_row css=\u00bb.vc_custom_1579142078604{margin-top: 40px !important;margin-bottom: 40px !important;}\u00bb][vc_column offset=\u00bbvc_hidden-sm vc_hidden-xs\u00bb][vc_row_inner equal_height=\u00bbyes\u00bb content_placement=\u00bbmiddle\u00bb][vc_column_inner animation=\u00bbanimation bottom-to-top\u00bb offset=\u00bbvc_col-md-4\u2033 css=\u00bb.vc_custom_1579111806249{margin-top: 15px !important;margin-bottom: 15px !important;}\u00bb]\r\n\t\t<div class=\"et-banner-69fc5610cd024 et-banner content-full  image-type-fluid text-color-dark hover-effect hover-zoom \"><a href=\"https:\/\/okdesign.biz\/product-category\/musthaves\/\" class=\"et-banner-link et-banner-link-full\"><img loading=\"lazy\" decoding=\"async\" width=\"500\" height=\"712\" src=\"https:\/\/okdesign.biz\/wp-content\/uploads\/2021\/04\/One-Wire-Chair_Black-frame-and-Melange-and-Black-cushion-1-scaled-e1622792875749.jpg\" class=\"et-banner-main-image\" alt=\"Danish Design furniture\" sizes=\"auto, \" \/><\/a>\r\n\t\t<\/div>[\/vc_column_inner][vc_column_inner animation=\u00bbanimation bottom-to-top\u00bb offset=\u00bbvc_col-md-4\u2033 css=\u00bb.vc_custom_1579111815424{margin-top: 15px !important;margin-bottom: 15px !important;}\u00bb]\r\n\t\t<div class=\"et-banner-69fc5610cd7d0 et-banner content-full  image-type-fluid text-color-dark hover-effect hover-zoom \"><a href=\"https:\/\/okdesign.biz\/product-category\/musthaves\/\" class=\"et-banner-link et-banner-link-full\"><img loading=\"lazy\" decoding=\"async\" width=\"844\" height=\"1209\" src=\"https:\/\/okdesign.biz\/wp-content\/uploads\/2019\/07\/Arc-table_action_white_2-scaled-e1619513257959.jpg\" class=\"et-banner-main-image\" alt=\"Danish design furniture\" sizes=\"auto, (max-width: 844px) 100vw, 844px\" srcset=\"https:\/\/okdesign.biz\/wp-content\/uploads\/2019\/07\/Arc-table_action_white_2-scaled-e1619513257959.jpg 844w, https:\/\/okdesign.biz\/wp-content\/uploads\/2019\/07\/Arc-table_action_white_2-scaled-e1619513257959-209x300.jpg 209w, https:\/\/okdesign.biz\/wp-content\/uploads\/2019\/07\/Arc-table_action_white_2-scaled-e1619513257959-715x1024.jpg 715w, https:\/\/okdesign.biz\/wp-content\/uploads\/2019\/07\/Arc-table_action_white_2-scaled-e1619513257959-768x1100.jpg 768w, https:\/\/okdesign.biz\/wp-content\/uploads\/2019\/07\/Arc-table_action_white_2-scaled-e1619513257959-105x150.jpg 105w, https:\/\/okdesign.biz\/wp-content\/uploads\/2019\/07\/Arc-table_action_white_2-scaled-e1619513257959-600x859.jpg 600w\" \/><\/a>\r\n\t\t<\/div>[\/vc_column_inner][vc_column_inner et_column_color=\u00bbet-light-column\u00bb animation=\u00bbanimation bottom-to-top\u00bb offset=\u00bbvc_col-md-4\u2033 css=\u00bb.vc_custom_1621583137528{margin-top: 15px !important;margin-bottom: 15px !important;padding-top: 60px !important;padding-right: 10% !important;padding-bottom: 60px !important;padding-left: 10% !important;background-color: #fcfada !important;}\u00bb][vc_column_text]\n<h2 class=\"wpb_wrapper\" style=\"text-align: center;\"><span style=\"color: #000000;\">Esenciales<\/span><\/h2>\n<p style=\"text-align: center;\"><span style=\"color: #000000;\">Compre nuestros imprescindibles<\/span><\/p>\n[\/vc_column_text][vc_empty_space height=\u00bb20px\u00bb]\t\t<div id=\"et-button-69fc5610cdfd9\" class=\"et_btn_align_center \">\n\t\t\t<a href=\"https:\/\/okdesign.biz\/product-category\/musthaves\/\" class=\" et_btn button et_btn_md outlined color-dark   \"  role=\"button\" title=\"Shop\" ><span>Navegar por la tienda<\/span><\/a>\n\t\t<\/div>\n\t\t\n\t[\/vc_column_inner][\/vc_row_inner][\/vc_column][\/vc_row][vc_row css=\u00bb.vc_custom_1579142078604{margin-top: 40px !important;margin-bottom: 40px !important;}\u00bb][vc_column offset=\u00bbvc_hidden-lg vc_hidden-md\u00bb][vc_row_inner equal_height=\u00bbyes\u00bb content_placement=\u00bbmiddle\u00bb][vc_column_inner et_column_color=\u00bbet-light-column\u00bb animation=\u00bbanimation bottom-to-top\u00bb offset=\u00bbvc_col-md-4\u2033 css=\u00bb.vc_custom_1621583137528{margin-top: 15px !important;margin-bottom: 15px !important;padding-top: 60px !important;padding-right: 10% !important;padding-bottom: 60px !important;padding-left: 10% !important;background-color: #fcfada !important;}\u00bb][vc_column_text]\n<h4 class=\"wpb_wrapper\" style=\"text-align: center;\"><span style=\"color: #000000;\">Esenciales<\/span><\/h4>\n<p style=\"text-align: center;\"><span style=\"color: #000000;\">Compre nuestros imprescindibles<\/span><\/p>\n[\/vc_column_text][vc_empty_space height=\u00bb20px\u00bb]\t\t<div id=\"et-button-69fc5610cdff9\" class=\"et_btn_align_center \">\n\t\t\t<a href=\"https:\/\/okdesign.biz\/product-category\/musthaves\/\" class=\" et_btn button et_btn_sm outlined color-dark   \"  role=\"button\" title=\"Shop\" ><span>Navegar por la tienda<\/span><\/a>\n\t\t<\/div>\n\t\t\n\t[\/vc_column_inner][vc_column_inner animation=\u00bbanimation bottom-to-top\u00bb offset=\u00bbvc_col-md-4\u2033 css=\u00bb.vc_custom_1579111806249{margin-top: 15px !important;margin-bottom: 15px !important;}\u00bb]\r\n\t\t<div class=\"et-banner-69fc5610ce012 et-banner content-full  image-type-fluid text-color-dark hover-effect hover-zoom \"><a href=\"https:\/\/okdesign.biz\/product-category\/musthaves\/\" class=\"et-banner-link et-banner-link-full\"><img loading=\"lazy\" decoding=\"async\" width=\"500\" height=\"358\" src=\"https:\/\/okdesign.biz\/wp-content\/uploads\/2021\/05\/One-Wire-Chair_Black-frame-and-Melange-and-Black-cushion-scaled-e1622792924718.jpg\" class=\"et-banner-main-image\" alt=\"OAS Table\" sizes=\"auto, \" \/><\/a>\r\n\t\t<\/div>[\/vc_column_inner][vc_column_inner animation=\u00bbanimation bottom-to-top\u00bb offset=\u00bbvc_col-md-4\u2033 css=\u00bb.vc_custom_1579111815424{margin-top: 15px !important;margin-bottom: 15px !important;}\u00bb]\r\n\t\t<div class=\"et-banner-69fc5610ce5f6 et-banner content-full  image-type-fluid text-color-dark hover-effect hover-zoom \"><a href=\"https:\/\/okdesign.biz\/product-category\/musthaves\/\" class=\"et-banner-link et-banner-link-full\"><img loading=\"lazy\" decoding=\"async\" width=\"731\" height=\"521\" src=\"https:\/\/okdesign.biz\/wp-content\/uploads\/2021\/05\/DSC_6117_3-e1622452848413.jpg\" class=\"et-banner-main-image\" alt=\"Arc Table\" sizes=\"auto, (max-width: 731px) 100vw, 731px\" srcset=\"https:\/\/okdesign.biz\/wp-content\/uploads\/2021\/05\/DSC_6117_3-e1622452848413.jpg 731w, https:\/\/okdesign.biz\/wp-content\/uploads\/2021\/05\/DSC_6117_3-e1622452848413-300x214.jpg 300w, https:\/\/okdesign.biz\/wp-content\/uploads\/2021\/05\/DSC_6117_3-e1622452848413-150x107.jpg 150w, https:\/\/okdesign.biz\/wp-content\/uploads\/2021\/05\/DSC_6117_3-e1622452848413-600x428.jpg 600w\" \/><\/a>\r\n\t\t<\/div>[\/vc_column_inner][\/vc_row_inner][\/vc_column][\/vc_row]\n<\/section>","protected":false},"excerpt":{"rendered":"<p>[vc_row][vc_column][vc_column_text][\/vc_column_text][vc_row_inner][vc_column_inner][vc_column_text][\/vc_column_text][\/vc_column_inner][\/vc_row_inner][vc_row_inner][vc_column_inner][vc_column_text][\/vc_column_text][\/vc_column_inner][\/vc_row_inner][\/vc_column][\/vc_row][vc_row et_column_align=\u00bbalign-center\u00bb css=\u00bb.vc_custom_1622728524662{background-color: #ffffff !important;}\u00bb][vc_column animation=\u00bbanimation bottom-to-top\u00bb offset=\u00bbvc_col-lg-6 vc_hidden-sm vc_hidden-xs\u00bb][vc_row_inner][vc_column_inner][vc_column_text] P\u00f3ngase en contacto con nosotros [\/vc_column_text][vc_column_text el_class=\u00bbpreline-large\u00bb css=\u00bb.vc_custom_1667916478892{margin-top: 10px !important;}\u00bb] Nos encantar\u00eda conocer su opini\u00f3n. [\/vc_column_text][\/vc_column_inner][\/vc_row_inner][vc_row_inner et_column_align=\u00bbalign-center\u00bb][vc_column_inner animation=\u00bbanimation left-to-right\u00bb offset=\u00bbvc_hidden-sm vc_hidden-xs\u00bb][vc_single_image image=\u00bb23839\u2033 img_size=\u00bbmedium\u00bb alignment=\u00bbcenter\u00bb style=\u00bbvc_box_circle_2\u2033][\/vc_column_inner][\/vc_row_inner][\/vc_column][\/vc_row][vc_row et_column_align=\u00bbalign-center\u00bb css=\u00bb.vc_custom_1622450995052{background-color: #ffffff !important;}\u00bb][vc_column animation=\u00bbanimation bottom-to-top\u00bb offset=\u00bbvc_col-lg-6 vc_hidden-lg vc_hidden-md\u00bb][vc_row_inner][vc_column_inner][vc_column_text] P\u00f3ngase en contacto con nosotros [\/vc_column_text][vc_column_text [&hellip;]<\/p>\n","protected":false},"author":1,"featured_media":0,"parent":0,"menu_order":0,"comment_status":"closed","ping_status":"closed","template":"","meta":{"om_disable_all_campaigns":false,"footnotes":""},"class_list":["post-21295","page","type-page","status-publish","hentry"],"aioseo_notices":[],"_links":{"self":[{"href":"https:\/\/okdesign.biz\/es\/wp-json\/wp\/v2\/pages\/21295","targetHints":{"allow":["GET"]}}],"collection":[{"href":"https:\/\/okdesign.biz\/es\/wp-json\/wp\/v2\/pages"}],"about":[{"href":"https:\/\/okdesign.biz\/es\/wp-json\/wp\/v2\/types\/page"}],"author":[{"embeddable":true,"href":"https:\/\/okdesign.biz\/es\/wp-json\/wp\/v2\/users\/1"}],"replies":[{"embeddable":true,"href":"https:\/\/okdesign.biz\/es\/wp-json\/wp\/v2\/comments?post=21295"}],"version-history":[{"count":21,"href":"https:\/\/okdesign.biz\/es\/wp-json\/wp\/v2\/pages\/21295\/revisions"}],"predecessor-version":[{"id":24043,"href":"https:\/\/okdesign.biz\/es\/wp-json\/wp\/v2\/pages\/21295\/revisions\/24043"}],"wp:attachment":[{"href":"https:\/\/okdesign.biz\/es\/wp-json\/wp\/v2\/media?parent=21295"}],"curies":[{"name":"wp","href":"https:\/\/api.w.org\/{rel}","templated":true}]}}